{"id":586,"date":"2025-11-21T23:14:52","date_gmt":"2025-11-21T23:14:52","guid":{"rendered":"https:\/\/elimatlanta-zym5swksxy.live-website.com\/?page_id=586"},"modified":"2025-11-25T02:27:30","modified_gmt":"2025-11-25T02:27:30","slug":"leadership","status":"publish","type":"page","link":"https:\/\/elimatlanta.com\/en\/leadership\/","title":{"rendered":"Leadership"},"content":{"rendered":"<div class=\"wp-block-nk-awb nk-awb has-mono-2-color has-000000-background-color has-text-color has-background has-link-color wp-elements-1d2be42ddc057ae673bce801112c2850\"><div class=\"nk-awb-wrap\" style=\"background:#000000\" data-awb-type=\"image\" data-awb-parallax=\"scroll\" data-awb-parallax-speed=\"0.7\" data-awb-parallax-mobile=\"true\" data-awb-image-background-size=\"cover\" data-awb-image-background-position=\"50% 70%\"><div class=\"nk-awb-inner\" style=\"opacity: 0.65;\"><img loading=\"lazy\" decoding=\"async\" src=\"https:\/\/elimatlanta.com\/wp-content\/uploads\/2025\/11\/sixteen-miles-out-Uc6kiKdW2_g-unsplash-scaled.jpg\" class=\"wp-image-268 jarallax-img\" width=\"1707\" height=\"2560\" srcset=\"https:\/\/elimatlanta.com\/wp-content\/uploads\/2025\/11\/sixteen-miles-out-Uc6kiKdW2_g-unsplash-scaled.jpg 1707w, https:\/\/elimatlanta.com\/wp-content\/uploads\/2025\/11\/sixteen-miles-out-Uc6kiKdW2_g-unsplash-200x300.jpg 200w, https:\/\/elimatlanta.com\/wp-content\/uploads\/2025\/11\/sixteen-miles-out-Uc6kiKdW2_g-unsplash-683x1024.jpg 683w, https:\/\/elimatlanta.com\/wp-content\/uploads\/2025\/11\/sixteen-miles-out-Uc6kiKdW2_g-unsplash-768x1152.jpg 768w, https:\/\/elimatlanta.com\/wp-content\/uploads\/2025\/11\/sixteen-miles-out-Uc6kiKdW2_g-unsplash-1024x1536.jpg 1024w, https:\/\/elimatlanta.com\/wp-content\/uploads\/2025\/11\/sixteen-miles-out-Uc6kiKdW2_g-unsplash-1365x2048.jpg 1365w, https:\/\/elimatlanta.com\/wp-content\/uploads\/2025\/11\/sixteen-miles-out-Uc6kiKdW2_g-unsplash-500x750.jpg 500w, https:\/\/elimatlanta.com\/wp-content\/uploads\/2025\/11\/sixteen-miles-out-Uc6kiKdW2_g-unsplash-800x1200.jpg 800w, https:\/\/elimatlanta.com\/wp-content\/uploads\/2025\/11\/sixteen-miles-out-Uc6kiKdW2_g-unsplash-1280x1920.jpg 1280w, https:\/\/elimatlanta.com\/wp-content\/uploads\/2025\/11\/sixteen-miles-out-Uc6kiKdW2_g-unsplash-1920x2880.jpg 1920w\" sizes=\"auto, (max-width: 1707px) 100vw, 1707px\" \/><\/div><\/div><div class=\"nk-awb-wrap-content has-global-padding is-layout-constrained wp-block-nk-awb-is-layout-constrained\">\n<div class=\"wp-block-uagb-container uagb-block-01f1828c alignfull uagb-is-root-container\"><div class=\"uagb-container-inner-blocks-wrap\">\n<p><\/p>\n<\/div><\/div>\n\n\n\n<div class=\"wp-block-uagb-advanced-heading uagb-block-4c47c9b6\"><h2 class=\"uagb-heading-text\">Church Leadership<\/h2><\/div>\n\n\n\n<pre class=\"wp-block-verse has-text-align-center has-contrast-light-color has-text-color has-link-color has-fontsecondary-font-family wp-elements-569d14e8d514bba74a8aaf8f03f24061\">But you, beloved, building yourselves up on your most holy faith, <br>praying in the Holy Spirit, keep yourselves in the love of God, <br>looking for the mercy of our Lord Jesus Christ unto eternal life.<\/pre>\n\n\n\n<p class=\"has-text-align-center has-contrast-light-color has-text-color has-link-color has-fontsecondary-font-family has-superbfont-xxsmall-font-size wp-elements-aac2d8fdd211229a4f577b68f44ff999\">Jude 20 - 21<\/p>\n\n\n\n<div class=\"wp-block-uagb-container uagb-block-51319e77 alignfull uagb-is-root-container\"><div class=\"uagb-container-inner-blocks-wrap\">\n<p><\/p>\n<\/div><\/div>\n<\/div><\/div>\n\n\n\n<div class=\"wp-block-uagb-container uagb-block-360b4e12 alignfull uagb-is-root-container\"><div class=\"uagb-container-inner-blocks-wrap\">\n<p><\/p>\n<\/div><\/div>\n\n\n\n<div class=\"wp-block-uagb-container uagb-block-dfcf1af3 alignfull uagb-is-root-container\"><div class=\"uagb-container-inner-blocks-wrap\">\n<div class=\"wp-block-group liquid-glass-gradient has-global-padding is-layout-constrained wp-block-group-is-layout-constrained\">\n<div class=\"wp-block-columns alignwide is-layout-flex wp-container-core-columns-is-layout-f9d87e41 wp-block-columns-is-layout-flex\">\n<div class=\"wp-block-column is-vertically-aligned-top is-layout-flow wp-container-core-column-is-layout-8a368f38 wp-block-column-is-layout-flow\">\n<div class=\"wp-block-group has-superbfont-small-font-size has-global-padding is-layout-constrained wp-container-core-group-is-layout-19e250f3 wp-block-group-is-layout-constrained\">\n<div class=\"wp-block-group has-global-padding is-layout-constrained wp-container-core-group-is-layout-19e250f3 wp-block-group-is-layout-constrained\">\n<div class=\"wp-block-group is-layout-flow wp-block-group-is-layout-flow\">\n<h2 class=\"wp-block-heading has-text-align-center has-contrast-light-color has-text-color\" style=\"font-size:clamp(22.041px, 1.378rem + ((1vw - 3.2px) * 1.586), 36px);\"><span style=\"text-decoration: underline;\">CONSILIUL PASTORAL<\/span><\/h2>\n<\/div>\n\n\n\n<p class=\"has-text-align-center has-contrast-light-color has-text-color\" style=\"margin-top:var(--wp--preset--spacing--superbspacing-xxsmall);margin-bottom:var(--wp--preset--spacing--superbspacing-xxsmall);font-size:clamp(16.834px, 1.052rem + ((1vw - 3.2px) * 1.042), 26px);\">NELU\u021aU H\u0102\u0218M\u0102\u0218AN &#8211; Pastor<\/p>\n\n\n\n<p class=\"has-text-align-center has-contrast-light-color has-text-color\" style=\"margin-top:var(--wp--preset--spacing--superbspacing-xxsmall);margin-bottom:var(--wp--preset--spacing--superbspacing-xxsmall);font-size:clamp(16.834px, 1.052rem + ((1vw - 3.2px) * 1.042), 26px);\">GEORGE POPAN &#8211; Pastor<\/p>\n\n\n\n<p class=\"has-text-align-center has-contrast-light-color has-text-color\" style=\"margin-top:var(--wp--preset--spacing--superbspacing-xxsmall);margin-bottom:var(--wp--preset--spacing--superbspacing-xxsmall);font-size:clamp(16.834px, 1.052rem + ((1vw - 3.2px) * 1.042), 26px);\">JACOB M\u0102T\u0102SARU &#8211; Pastor<\/p>\n\n\n\n<p class=\"has-text-align-center has-contrast-light-color has-text-color\" style=\"margin-top:var(--wp--preset--spacing--superbspacing-xxsmall);margin-bottom:var(--wp--preset--spacing--superbspacing-xxsmall);font-size:clamp(16.834px, 1.052rem + ((1vw - 3.2px) * 1.042), 26px);\">ILIE BERENDE &#8211; Pastor<\/p>\n<\/div>\n<\/div>\n<\/div>\n\n\n\n<div class=\"wp-block-column is-vertically-aligned-top is-layout-flow wp-container-core-column-is-layout-8a368f38 wp-block-column-is-layout-flow\">\n<div class=\"wp-block-group has-global-padding is-layout-constrained wp-container-core-group-is-layout-19e250f3 wp-block-group-is-layout-constrained\">\n<div class=\"wp-block-group is-style-default is-layout-flow wp-container-core-group-is-layout-a77db08e wp-block-group-is-layout-flow\">\n<h3 class=\"wp-block-heading has-text-align-center has-contrast-light-color has-text-color\" style=\"font-size:clamp(22.041px, 1.378rem + ((1vw - 3.2px) * 1.586), 36px);\"><span style=\"text-decoration: underline;\">BORDUL ADMINISTRATIV<\/span><\/h3>\n<\/div>\n\n\n\n<p class=\"has-text-align-center has-contrast-light-color has-text-color\" style=\"margin-top:var(--wp--preset--spacing--superbspacing-xxsmall);margin-bottom:var(--wp--preset--spacing--superbspacing-xxsmall);font-size:clamp(16.834px, 1.052rem + ((1vw - 3.2px) * 1.042), 26px);\">BOGDAN NEAM\u021a \u2013 Secretary\/Deacon<\/p>\n\n\n\n<p class=\"has-text-align-center has-contrast-light-color has-text-color\" style=\"margin-top:var(--wp--preset--spacing--superbspacing-xxsmall);margin-bottom:var(--wp--preset--spacing--superbspacing-xxsmall);font-size:clamp(16.834px, 1.052rem + ((1vw - 3.2px) * 1.042), 26px);\">CORNEL MORO\u0218AN \u2013\u00a0Assistant Secretary<\/p>\n\n\n\n<p class=\"has-text-align-center has-contrast-light-color has-text-color\" style=\"margin-top:var(--wp--preset--spacing--superbspacing-xxsmall);margin-bottom:var(--wp--preset--spacing--superbspacing-xxsmall);font-size:clamp(16.834px, 1.052rem + ((1vw - 3.2px) * 1.042), 26px);\">VICTOR ILA\u0218 \u2013 Treasurer<\/p>\n\n\n\n<p class=\"has-text-align-center has-contrast-light-color has-text-color\" style=\"margin-top:var(--wp--preset--spacing--superbspacing-xxsmall);margin-bottom:var(--wp--preset--spacing--superbspacing-xxsmall);font-size:clamp(16.834px, 1.052rem + ((1vw - 3.2px) * 1.042), 26px);\">\u0218TEFAN LUPANCU \u2013\u00a0Assistant Treasurer<\/p>\n\n\n\n<p class=\"has-text-align-center has-contrast-light-color has-text-color\" style=\"margin-top:var(--wp--preset--spacing--superbspacing-xxsmall);margin-bottom:var(--wp--preset--spacing--superbspacing-xxsmall);font-size:clamp(16.834px, 1.052rem + ((1vw - 3.2px) * 1.042), 26px);\">DANIEL DAFINESCU \u2013 Administrator<\/p>\n\n\n\n<p class=\"has-text-align-center has-contrast-light-color has-text-color\" style=\"margin-top:var(--wp--preset--spacing--superbspacing-xxsmall);margin-bottom:var(--wp--preset--spacing--superbspacing-xxsmall);font-size:clamp(16.834px, 1.052rem + ((1vw - 3.2px) * 1.042), 26px);\">PETRU COROAM\u0102 \u2013 Assistant Administrator<\/p>\n\n\n\n<p class=\"has-text-align-center has-contrast-light-color has-text-color\" style=\"margin-top:var(--wp--preset--spacing--superbspacing-xxsmall);margin-bottom:var(--wp--preset--spacing--superbspacing-xxsmall);font-size:clamp(16.834px, 1.052rem + ((1vw - 3.2px) * 1.042), 26px);\">VASILIC\u0102 DAB\u00ceCA \u2013 Censor<\/p>\n\n\n\n<p class=\"has-text-align-center has-contrast-light-color has-text-color\" style=\"margin-top:var(--wp--preset--spacing--superbspacing-xxsmall);margin-bottom:var(--wp--preset--spacing--superbspacing-xxsmall);font-size:clamp(16.834px, 1.052rem + ((1vw - 3.2px) * 1.042), 26px);\">DANIEL LIVANU \u2013 Censor\/Deacon<\/p>\n<\/div>\n<\/div>\n<\/div>\n<\/div>\n<\/div><\/div>\n\n\n\n<div class=\"wp-block-uagb-container uagb-block-cc17184b alignfull uagb-is-root-container\"><div class=\"uagb-container-inner-blocks-wrap\">\n<p><\/p>\n<\/div><\/div>","protected":false},"excerpt":{"rendered":"<p>CONSILIUL PASTORAL NELU\u021aU H\u0102\u0218M\u0102\u0218AN &#8211; Pastor GEORGE POPAN &#8211; Pastor JACOB M\u0102T\u0102SARU &#8211; Pastor ILIE BERENDE &#8211; Pastor BORDUL ADMINISTRATIV BOGDAN NEAM\u021a &#8211; Secretar\/Diacon CORNEL MORO\u0218AN &#8211; Secretar&nbsp;Asistent VICTOR ILA\u0218 &#8211; Casier \u0218TEFAN LUPANCU &#8211; Casier&nbsp;Asistent DANIEL DAFINESCU &#8211; Administrator PETRU COROAM\u0102 &#8211; Administrator&nbsp;Asistent VASILIC\u0102 DAB\u00ceCA &#8211; Cenzor DANIEL LIVANU &#8211; Cenzor\/Diacon<\/p>","protected":false},"author":1,"featured_media":0,"parent":0,"menu_order":0,"comment_status":"closed","ping_status":"closed","template":"","meta":{"_eb_attr":"","_uag_custom_page_level_css":"","footnotes":""},"class_list":["post-586","page","type-page","status-publish","hentry"],"yoast_head":"<!-- This site is optimized with the Yoast SEO plugin v27.3 - https:\/\/yoast.com\/product\/yoast-seo-wordpress\/ -->\n<title>Conducere - Elim Atlanta<\/title>\n<meta name=\"robots\" content=\"index, follow, max-snippet:-1, max-image-preview:large, max-video-preview:-1\" \/>\n<link rel=\"canonical\" href=\"https:\/\/elimatlanta.com\/en\/leadership\/\" \/>\n<meta property=\"og:locale\" content=\"en_US\" \/>\n<meta property=\"og:type\" content=\"article\" \/>\n<meta property=\"og:title\" content=\"Conducere - Elim Atlanta\" \/>\n<meta property=\"og:description\" content=\"CONSILIUL PASTORAL NELU\u021aU H\u0102\u0218M\u0102\u0218AN &#8211; Pastor GEORGE POPAN &#8211; Pastor JACOB M\u0102T\u0102SARU &#8211; Pastor ILIE BERENDE &#8211; Pastor BORDUL ADMINISTRATIV BOGDAN NEAM\u021a &#8211; Secretar\/Diacon CORNEL MORO\u0218AN &#8211; Secretar&nbsp;Asistent VICTOR ILA\u0218 &#8211; Casier \u0218TEFAN LUPANCU &#8211; Casier&nbsp;Asistent DANIEL DAFINESCU &#8211; Administrator PETRU COROAM\u0102 &#8211; Administrator&nbsp;Asistent VASILIC\u0102 DAB\u00ceCA &#8211; Cenzor DANIEL LIVANU &#8211; Cenzor\/Diacon\" \/>\n<meta property=\"og:url\" content=\"https:\/\/elimatlanta.com\/en\/leadership\/\" \/>\n<meta property=\"og:site_name\" content=\"Elim Atlanta\" \/>\n<meta property=\"article:publisher\" content=\"https:\/\/www.facebook.com\/elimatlanta\" \/>\n<meta property=\"article:modified_time\" content=\"2025-11-25T02:27:30+00:00\" \/>\n<meta property=\"og:image\" content=\"https:\/\/elimatlanta.com\/wp-content\/uploads\/2025\/11\/sixteen-miles-out-Uc6kiKdW2_g-unsplash-scaled.jpg\" \/>\n<meta name=\"twitter:card\" content=\"summary_large_image\" \/>\n<script type=\"application\/ld+json\" class=\"yoast-schema-graph\">{\"@context\":\"https:\\\/\\\/schema.org\",\"@graph\":[{\"@type\":\"WebPage\",\"@id\":\"https:\\\/\\\/elimatlanta.com\\\/en\\\/leadership\\\/\",\"url\":\"https:\\\/\\\/elimatlanta.com\\\/en\\\/leadership\\\/\",\"name\":\"Conducere - Elim Atlanta\",\"isPartOf\":{\"@id\":\"https:\\\/\\\/elimatlanta.com\\\/en\\\/#website\"},\"primaryImageOfPage\":{\"@id\":\"https:\\\/\\\/elimatlanta.com\\\/en\\\/leadership\\\/#primaryimage\"},\"image\":{\"@id\":\"https:\\\/\\\/elimatlanta.com\\\/en\\\/leadership\\\/#primaryimage\"},\"thumbnailUrl\":\"https:\\\/\\\/elimatlanta.com\\\/wp-content\\\/uploads\\\/2025\\\/11\\\/sixteen-miles-out-Uc6kiKdW2_g-unsplash-scaled.jpg\",\"datePublished\":\"2025-11-21T23:14:52+00:00\",\"dateModified\":\"2025-11-25T02:27:30+00:00\",\"breadcrumb\":{\"@id\":\"https:\\\/\\\/elimatlanta.com\\\/en\\\/leadership\\\/#breadcrumb\"},\"inLanguage\":\"en-US\",\"potentialAction\":[{\"@type\":\"ReadAction\",\"target\":[\"https:\\\/\\\/elimatlanta.com\\\/en\\\/leadership\\\/\"]}]},{\"@type\":\"ImageObject\",\"inLanguage\":\"en-US\",\"@id\":\"https:\\\/\\\/elimatlanta.com\\\/en\\\/leadership\\\/#primaryimage\",\"url\":\"https:\\\/\\\/elimatlanta.com\\\/wp-content\\\/uploads\\\/2025\\\/11\\\/sixteen-miles-out-Uc6kiKdW2_g-unsplash-scaled.jpg\",\"contentUrl\":\"https:\\\/\\\/elimatlanta.com\\\/wp-content\\\/uploads\\\/2025\\\/11\\\/sixteen-miles-out-Uc6kiKdW2_g-unsplash-scaled.jpg\"},{\"@type\":\"BreadcrumbList\",\"@id\":\"https:\\\/\\\/elimatlanta.com\\\/en\\\/leadership\\\/#breadcrumb\",\"itemListElement\":[{\"@type\":\"ListItem\",\"position\":1,\"name\":\"Home\",\"item\":\"https:\\\/\\\/elimatlanta.com\\\/en\\\/\"},{\"@type\":\"ListItem\",\"position\":2,\"name\":\"Conducere\"}]},{\"@type\":\"WebSite\",\"@id\":\"https:\\\/\\\/elimatlanta.com\\\/en\\\/#website\",\"url\":\"https:\\\/\\\/elimatlanta.com\\\/en\\\/\",\"name\":\"Elim Atlanta\",\"description\":\"\",\"publisher\":{\"@id\":\"https:\\\/\\\/elimatlanta.com\\\/en\\\/#organization\"},\"potentialAction\":[{\"@type\":\"SearchAction\",\"target\":{\"@type\":\"EntryPoint\",\"urlTemplate\":\"https:\\\/\\\/elimatlanta.com\\\/en\\\/?s={search_term_string}\"},\"query-input\":{\"@type\":\"PropertyValueSpecification\",\"valueRequired\":true,\"valueName\":\"search_term_string\"}}],\"inLanguage\":\"en-US\"},{\"@type\":\"Organization\",\"@id\":\"https:\\\/\\\/elimatlanta.com\\\/en\\\/#organization\",\"name\":\"Elim Atlanta\",\"url\":\"https:\\\/\\\/elimatlanta.com\\\/en\\\/\",\"logo\":{\"@type\":\"ImageObject\",\"inLanguage\":\"en-US\",\"@id\":\"https:\\\/\\\/elimatlanta.com\\\/en\\\/#\\\/schema\\\/logo\\\/image\\\/\",\"url\":\"\",\"contentUrl\":\"\",\"caption\":\"Elim Atlanta\"},\"image\":{\"@id\":\"https:\\\/\\\/elimatlanta.com\\\/en\\\/#\\\/schema\\\/logo\\\/image\\\/\"},\"sameAs\":[\"https:\\\/\\\/www.facebook.com\\\/elimatlanta\"]}]}<\/script>\n<!-- \/ Yoast SEO plugin. -->","yoast_head_json":{"title":"Conducere - Elim Atlanta","robots":{"index":"index","follow":"follow","max-snippet":"max-snippet:-1","max-image-preview":"max-image-preview:large","max-video-preview":"max-video-preview:-1"},"canonical":"https:\/\/elimatlanta.com\/en\/leadership\/","og_locale":"en_US","og_type":"article","og_title":"Conducere - Elim Atlanta","og_description":"CONSILIUL PASTORAL NELU\u021aU H\u0102\u0218M\u0102\u0218AN &#8211; Pastor GEORGE POPAN &#8211; Pastor JACOB M\u0102T\u0102SARU &#8211; Pastor ILIE BERENDE &#8211; Pastor BORDUL ADMINISTRATIV BOGDAN NEAM\u021a &#8211; Secretar\/Diacon CORNEL MORO\u0218AN &#8211; Secretar&nbsp;Asistent VICTOR ILA\u0218 &#8211; Casier \u0218TEFAN LUPANCU &#8211; Casier&nbsp;Asistent DANIEL DAFINESCU &#8211; Administrator PETRU COROAM\u0102 &#8211; Administrator&nbsp;Asistent VASILIC\u0102 DAB\u00ceCA &#8211; Cenzor DANIEL LIVANU &#8211; Cenzor\/Diacon","og_url":"https:\/\/elimatlanta.com\/en\/leadership\/","og_site_name":"Elim Atlanta","article_publisher":"https:\/\/www.facebook.com\/elimatlanta","article_modified_time":"2025-11-25T02:27:30+00:00","og_image":[{"url":"https:\/\/elimatlanta.com\/wp-content\/uploads\/2025\/11\/sixteen-miles-out-Uc6kiKdW2_g-unsplash-scaled.jpg","type":"","width":"","height":""}],"twitter_card":"summary_large_image","schema":{"@context":"https:\/\/schema.org","@graph":[{"@type":"WebPage","@id":"https:\/\/elimatlanta.com\/en\/leadership\/","url":"https:\/\/elimatlanta.com\/en\/leadership\/","name":"Conducere - Elim Atlanta","isPartOf":{"@id":"https:\/\/elimatlanta.com\/en\/#website"},"primaryImageOfPage":{"@id":"https:\/\/elimatlanta.com\/en\/leadership\/#primaryimage"},"image":{"@id":"https:\/\/elimatlanta.com\/en\/leadership\/#primaryimage"},"thumbnailUrl":"https:\/\/elimatlanta.com\/wp-content\/uploads\/2025\/11\/sixteen-miles-out-Uc6kiKdW2_g-unsplash-scaled.jpg","datePublished":"2025-11-21T23:14:52+00:00","dateModified":"2025-11-25T02:27:30+00:00","breadcrumb":{"@id":"https:\/\/elimatlanta.com\/en\/leadership\/#breadcrumb"},"inLanguage":"en-US","potentialAction":[{"@type":"ReadAction","target":["https:\/\/elimatlanta.com\/en\/leadership\/"]}]},{"@type":"ImageObject","inLanguage":"en-US","@id":"https:\/\/elimatlanta.com\/en\/leadership\/#primaryimage","url":"https:\/\/elimatlanta.com\/wp-content\/uploads\/2025\/11\/sixteen-miles-out-Uc6kiKdW2_g-unsplash-scaled.jpg","contentUrl":"https:\/\/elimatlanta.com\/wp-content\/uploads\/2025\/11\/sixteen-miles-out-Uc6kiKdW2_g-unsplash-scaled.jpg"},{"@type":"BreadcrumbList","@id":"https:\/\/elimatlanta.com\/en\/leadership\/#breadcrumb","itemListElement":[{"@type":"ListItem","position":1,"name":"Home","item":"https:\/\/elimatlanta.com\/en\/"},{"@type":"ListItem","position":2,"name":"Conducere"}]},{"@type":"WebSite","@id":"https:\/\/elimatlanta.com\/en\/#website","url":"https:\/\/elimatlanta.com\/en\/","name":"Elim Atlanta","description":"","publisher":{"@id":"https:\/\/elimatlanta.com\/en\/#organization"},"potentialAction":[{"@type":"SearchAction","target":{"@type":"EntryPoint","urlTemplate":"https:\/\/elimatlanta.com\/en\/?s={search_term_string}"},"query-input":{"@type":"PropertyValueSpecification","valueRequired":true,"valueName":"search_term_string"}}],"inLanguage":"en-US"},{"@type":"Organization","@id":"https:\/\/elimatlanta.com\/en\/#organization","name":"Elim Atlanta","url":"https:\/\/elimatlanta.com\/en\/","logo":{"@type":"ImageObject","inLanguage":"en-US","@id":"https:\/\/elimatlanta.com\/en\/#\/schema\/logo\/image\/","url":"","contentUrl":"","caption":"Elim Atlanta"},"image":{"@id":"https:\/\/elimatlanta.com\/en\/#\/schema\/logo\/image\/"},"sameAs":["https:\/\/www.facebook.com\/elimatlanta"]}]}},"uagb_featured_image_src":{"full":false,"thumbnail":false,"medium":false,"medium_large":false,"large":false,"1536x1536":false,"2048x2048":false,"trp-custom-language-flag":false,"awb_sm":false,"awb_md":false,"awb_lg":false,"awb_xl":false},"uagb_author_info":{"display_name":"coroamaa","author_link":"https:\/\/elimatlanta.com\/en\/author\/coroamaa\/"},"uagb_comment_info":0,"uagb_excerpt":"CONSILIUL PASTORAL NELU\u021aU H\u0102\u0218M\u0102\u0218AN &#8211; Pastor GEORGE POPAN &#8211; Pastor JACOB M\u0102T\u0102SARU &#8211; Pastor ILIE BERENDE &#8211; Pastor BORDUL ADMINISTRATIV BOGDAN NEAM\u021a &#8211; Secretar\/Diacon CORNEL MORO\u0218AN &#8211; Secretar&nbsp;Asistent VICTOR ILA\u0218 &#8211; Casier \u0218TEFAN LUPANCU &#8211; Casier&nbsp;Asistent DANIEL DAFINESCU &#8211; Administrator PETRU COROAM\u0102 &#8211; Administrator&nbsp;Asistent VASILIC\u0102 DAB\u00ceCA &#8211; Cenzor DANIEL LIVANU &#8211; Cenzor\/Diacon","_links":{"self":[{"href":"https:\/\/elimatlanta.com\/en\/wp-json\/wp\/v2\/pages\/586","targetHints":{"allow":["GET"]}}],"collection":[{"href":"https:\/\/elimatlanta.com\/en\/wp-json\/wp\/v2\/pages"}],"about":[{"href":"https:\/\/elimatlanta.com\/en\/wp-json\/wp\/v2\/types\/page"}],"author":[{"embeddable":true,"href":"https:\/\/elimatlanta.com\/en\/wp-json\/wp\/v2\/users\/1"}],"replies":[{"embeddable":true,"href":"https:\/\/elimatlanta.com\/en\/wp-json\/wp\/v2\/comments?post=586"}],"version-history":[{"count":9,"href":"https:\/\/elimatlanta.com\/en\/wp-json\/wp\/v2\/pages\/586\/revisions"}],"predecessor-version":[{"id":853,"href":"https:\/\/elimatlanta.com\/en\/wp-json\/wp\/v2\/pages\/586\/revisions\/853"}],"wp:attachment":[{"href":"https:\/\/elimatlanta.com\/en\/wp-json\/wp\/v2\/media?parent=586"}],"curies":[{"name":"wp","href":"https:\/\/api.w.org\/{rel}","templated":true}]}}