{"id":584,"date":"2025-11-21T23:14:21","date_gmt":"2025-11-21T23:14:21","guid":{"rendered":"https:\/\/elimatlanta-zym5swksxy.live-website.com\/?page_id=584"},"modified":"2025-11-25T00:10:02","modified_gmt":"2025-11-25T00:10:02","slug":"beliefs","status":"publish","type":"page","link":"https:\/\/elimatlanta.com\/en\/beliefs\/","title":{"rendered":"Our Beliefs"},"content":{"rendered":"<div class=\"wp-block-nk-awb nk-awb has-mono-2-color has-000000-background-color has-text-color has-background has-link-color wp-elements-c953425580ecc489af9887e59fc6b2c9\"><div class=\"nk-awb-wrap\" style=\"background:#000000\" data-awb-type=\"image\" data-awb-parallax=\"scroll\" data-awb-parallax-speed=\"0.7\" data-awb-parallax-mobile=\"true\" data-awb-image-background-size=\"cover\" data-awb-image-background-position=\"50% 70%\"><div class=\"nk-awb-inner\" style=\"opacity: 0.65;\"><img loading=\"lazy\" decoding=\"async\" src=\"https:\/\/elimatlanta.com\/wp-content\/uploads\/2025\/11\/sixteen-miles-out-Uc6kiKdW2_g-unsplash-scaled.jpg\" class=\"wp-image-268 jarallax-img\" width=\"1707\" height=\"2560\" srcset=\"https:\/\/elimatlanta.com\/wp-content\/uploads\/2025\/11\/sixteen-miles-out-Uc6kiKdW2_g-unsplash-scaled.jpg 1707w, https:\/\/elimatlanta.com\/wp-content\/uploads\/2025\/11\/sixteen-miles-out-Uc6kiKdW2_g-unsplash-200x300.jpg 200w, https:\/\/elimatlanta.com\/wp-content\/uploads\/2025\/11\/sixteen-miles-out-Uc6kiKdW2_g-unsplash-683x1024.jpg 683w, https:\/\/elimatlanta.com\/wp-content\/uploads\/2025\/11\/sixteen-miles-out-Uc6kiKdW2_g-unsplash-768x1152.jpg 768w, https:\/\/elimatlanta.com\/wp-content\/uploads\/2025\/11\/sixteen-miles-out-Uc6kiKdW2_g-unsplash-1024x1536.jpg 1024w, https:\/\/elimatlanta.com\/wp-content\/uploads\/2025\/11\/sixteen-miles-out-Uc6kiKdW2_g-unsplash-1365x2048.jpg 1365w, https:\/\/elimatlanta.com\/wp-content\/uploads\/2025\/11\/sixteen-miles-out-Uc6kiKdW2_g-unsplash-500x750.jpg 500w, https:\/\/elimatlanta.com\/wp-content\/uploads\/2025\/11\/sixteen-miles-out-Uc6kiKdW2_g-unsplash-800x1200.jpg 800w, https:\/\/elimatlanta.com\/wp-content\/uploads\/2025\/11\/sixteen-miles-out-Uc6kiKdW2_g-unsplash-1280x1920.jpg 1280w, https:\/\/elimatlanta.com\/wp-content\/uploads\/2025\/11\/sixteen-miles-out-Uc6kiKdW2_g-unsplash-1920x2880.jpg 1920w\" sizes=\"auto, (max-width: 1707px) 100vw, 1707px\" \/><\/div><\/div><div class=\"nk-awb-wrap-content has-global-padding is-layout-constrained wp-block-nk-awb-is-layout-constrained\">\n<div class=\"wp-block-uagb-container uagb-block-01f1828c alignfull uagb-is-root-container\"><div class=\"uagb-container-inner-blocks-wrap\">\n<p><\/p>\n<\/div><\/div>\n\n\n\n<div class=\"wp-block-uagb-advanced-heading uagb-block-4c47c9b6\"><h2 class=\"uagb-heading-text\">Our Beliefs<\/h2><\/div>\n\n\n\n<pre class=\"wp-block-verse has-text-align-center has-contrast-light-color has-text-color has-link-color has-fontsecondary-font-family wp-elements-569d14e8d514bba74a8aaf8f03f24061\">But you, beloved, building yourselves up on your most holy faith, <br>praying in the Holy Spirit, keep yourselves in the love of God, <br>looking for the mercy of our Lord Jesus Christ unto eternal life.<\/pre>\n\n\n\n<p class=\"has-text-align-center has-contrast-light-color has-text-color has-link-color has-fontsecondary-font-family has-superbfont-xxsmall-font-size wp-elements-aac2d8fdd211229a4f577b68f44ff999\">Jude 20 - 21<\/p>\n\n\n\n<div class=\"wp-block-uagb-container uagb-block-51319e77 alignfull uagb-is-root-container\"><div class=\"uagb-container-inner-blocks-wrap\">\n<p><\/p>\n<\/div><\/div>\n<\/div><\/div>\n\n\n\n<div class=\"wp-block-uagb-container uagb-block-dfcf1af3 alignfull uagb-is-root-container\"><div class=\"uagb-container-inner-blocks-wrap\"><\/div><\/div>\n\n\n\n<hr class=\"wp-block-separator has-text-color has-primary-hover-color has-alpha-channel-opacity has-primary-hover-background-color has-background is-style-default\" style=\"margin-top:var(--wp--preset--spacing--superbspacing-medium)\"\/>\n\n\n\n<p class=\"has-text-align-center has-mono-1-color has-text-color has-link-color has-fontsecondary-font-family wp-elements-8c88f83edb01dc47b411b3740a642546\" style=\"font-size:clamp(22.041px, 1.378rem + ((1vw - 3.2px) * 1.586), 36px);\">We Believe:<\/p>\n\n\n\n<div class=\"wp-block-group has-global-padding is-layout-constrained wp-container-core-group-is-layout-4e42e085 wp-block-group-is-layout-constrained\" style=\"padding-top:var(--wp--preset--spacing--superbspacing-xxsmall);padding-right:var(--wp--preset--spacing--superbspacing-small);padding-bottom:var(--wp--preset--spacing--superbspacing-xxsmall);padding-left:var(--wp--preset--spacing--superbspacing-small)\">\n<p class=\"has-fontsecondary-font-family\">&#8211; <strong>The Bible<\/strong> (Holy Scriptures) is the Word of God, without error, and our only standard for life and faith. (2 Timothy 3:16)<\/p>\n\n\n\n<p class=\"has-text-align-left has-fontsecondary-font-family\">&#8211; <strong>God<\/strong> exists in three persons: the Father, the Son, and the Holy Spirit (1 John 5:7). The Lord Jesus Christ is the Only Son of God, conceived by the Holy Spirit and born of the Virgin Mary.<\/p>\n\n\n\n<p class=\"has-fontsecondary-font-family\">&#8211; <strong>The Lord<\/strong> <strong>Jesus <\/strong>was crucified, buried, and raised from the dead; He ascended to heaven and today sits at the right hand of the Father as our Mediator.<\/p>\n\n\n\n<p class=\"has-fontsecondary-font-family\">&#8211; <strong>The Grace<\/strong> of God has made and continues to make man\u2019s salvation possible through the sacrifice of the Lord Jesus Christ. (John 3:16)<\/p>\n\n\n\n<p class=\"has-fontsecondary-font-family\">&#8211; <strong>Salvation<\/strong> is conditional on faith, repentance, and being born again. (Hebrews 11:6; 2 Peter 3:9; John 3:3-5)<\/p>\n\n\n\n<p class=\"has-text-align-left has-fontsecondary-font-family\">&#8211; <strong>Baptism<\/strong> in water, which is given to those who believe and have turned to God, must be performed by a single immersion in the name of the Father, the Son, and the Holy Spirit. (Matthew 28:19)<\/p>\n\n\n\n<p class=\"has-text-align-left has-fontsecondary-font-family\">&#8211; <strong>The Institution<\/strong> <strong>of the Lord's Supper<\/strong> is for the Church. Participation in the Lord's Supper constitutes a proclamation of the death of the Lord Jesus Christ. (1 Corinthians 11:23-29)<\/p>\n\n\n\n<p class=\"has-fontsecondary-font-family\">&#8211; <strong>The Promise<\/strong> <strong>of the baptism with the Holy Spirit<\/strong> is for all believers. (Acts 2:4-39) Both the new birth and the baptism with the Holy Spirit must be followed by the fruit of the Holy Spirit. (Galatians 5:22\u201323)<\/p>\n\n\n\n<p class=\"has-fontsecondary-font-family\">&#8211; <strong>The Church<\/strong> of God was founded by the Lord Jesus Christ as a unified and living organism. (1 Timothy 3:15)<\/p>\n<\/div>\n\n\n\n<div class=\"wp-block-uagb-container uagb-block-afd918ec alignfull uagb-is-root-container\"><div class=\"uagb-container-inner-blocks-wrap\">\n<p><\/p>\n<\/div><\/div>","protected":false},"excerpt":{"rendered":"<p>Noi Credem Ca: &#8211; Biblia (Sf\u00e2nta Scriptur\u0103) este Cuv\u00e2ntul lui Dumnezeu, f\u0103r\u0103 gre\u0219eal\u0103, \u0219i singura noastr\u0103 norm\u0103 de via\u021b\u0103 de credin\u021b\u0103. (2 Timotei 3:16) &#8211; Dumnezeu exist\u0103 \u00een trei persoane: Tat\u0103l, Fiul \u0219i Duhul Sf\u00e2nt. (1 Ioan 5:7). Domnul Isus Hristos este Singurul Fiu al lui Dumnezeu, conceput prin Duhul Sf\u00e2nt \u0219i n\u0103scut din Fecioara [&hellip;]<\/p>\n","protected":false},"author":1,"featured_media":0,"parent":0,"menu_order":0,"comment_status":"closed","ping_status":"closed","template":"","meta":{"_eb_attr":"","_uag_custom_page_level_css":"","footnotes":""},"class_list":["post-584","page","type-page","status-publish","hentry"],"yoast_head":"<!-- This site is optimized with the Yoast SEO plugin v27.3 - https:\/\/yoast.com\/product\/yoast-seo-wordpress\/ -->\n<title>Crezul Nostru - Elim Atlanta<\/title>\n<meta name=\"robots\" content=\"index, follow, max-snippet:-1, max-image-preview:large, max-video-preview:-1\" \/>\n<link rel=\"canonical\" href=\"https:\/\/elimatlanta.com\/en\/beliefs\/\" \/>\n<meta property=\"og:locale\" content=\"en_US\" \/>\n<meta property=\"og:type\" content=\"article\" \/>\n<meta property=\"og:title\" content=\"Crezul Nostru - Elim Atlanta\" \/>\n<meta property=\"og:description\" content=\"Noi Credem Ca: &#8211; Biblia (Sf\u00e2nta Scriptur\u0103) este Cuv\u00e2ntul lui Dumnezeu, f\u0103r\u0103 gre\u0219eal\u0103, \u0219i singura noastr\u0103 norm\u0103 de via\u021b\u0103 de credin\u021b\u0103. (2 Timotei 3:16) &#8211; Dumnezeu exist\u0103 \u00een trei persoane: Tat\u0103l, Fiul \u0219i Duhul Sf\u00e2nt. (1 Ioan 5:7). Domnul Isus Hristos este Singurul Fiu al lui Dumnezeu, conceput prin Duhul Sf\u00e2nt \u0219i n\u0103scut din Fecioara [&hellip;]\" \/>\n<meta property=\"og:url\" content=\"https:\/\/elimatlanta.com\/en\/beliefs\/\" \/>\n<meta property=\"og:site_name\" content=\"Elim Atlanta\" \/>\n<meta property=\"article:publisher\" content=\"https:\/\/www.facebook.com\/elimatlanta\" \/>\n<meta property=\"article:modified_time\" content=\"2025-11-25T00:10:02+00:00\" \/>\n<meta property=\"og:image\" content=\"https:\/\/elimatlanta.com\/wp-content\/uploads\/2025\/11\/sixteen-miles-out-Uc6kiKdW2_g-unsplash-scaled.jpg\" \/>\n<meta name=\"twitter:card\" content=\"summary_large_image\" \/>\n<meta name=\"twitter:label1\" content=\"Est. reading time\" \/>\n\t<meta name=\"twitter:data1\" content=\"2 minutes\" \/>\n<script type=\"application\/ld+json\" class=\"yoast-schema-graph\">{\"@context\":\"https:\\\/\\\/schema.org\",\"@graph\":[{\"@type\":\"WebPage\",\"@id\":\"https:\\\/\\\/elimatlanta.com\\\/en\\\/beliefs\\\/\",\"url\":\"https:\\\/\\\/elimatlanta.com\\\/en\\\/beliefs\\\/\",\"name\":\"Crezul Nostru - Elim Atlanta\",\"isPartOf\":{\"@id\":\"https:\\\/\\\/elimatlanta.com\\\/en\\\/#website\"},\"primaryImageOfPage\":{\"@id\":\"https:\\\/\\\/elimatlanta.com\\\/en\\\/beliefs\\\/#primaryimage\"},\"image\":{\"@id\":\"https:\\\/\\\/elimatlanta.com\\\/en\\\/beliefs\\\/#primaryimage\"},\"thumbnailUrl\":\"https:\\\/\\\/elimatlanta.com\\\/wp-content\\\/uploads\\\/2025\\\/11\\\/sixteen-miles-out-Uc6kiKdW2_g-unsplash-scaled.jpg\",\"datePublished\":\"2025-11-21T23:14:21+00:00\",\"dateModified\":\"2025-11-25T00:10:02+00:00\",\"breadcrumb\":{\"@id\":\"https:\\\/\\\/elimatlanta.com\\\/en\\\/beliefs\\\/#breadcrumb\"},\"inLanguage\":\"en-US\",\"potentialAction\":[{\"@type\":\"ReadAction\",\"target\":[\"https:\\\/\\\/elimatlanta.com\\\/en\\\/beliefs\\\/\"]}]},{\"@type\":\"ImageObject\",\"inLanguage\":\"en-US\",\"@id\":\"https:\\\/\\\/elimatlanta.com\\\/en\\\/beliefs\\\/#primaryimage\",\"url\":\"https:\\\/\\\/elimatlanta.com\\\/wp-content\\\/uploads\\\/2025\\\/11\\\/sixteen-miles-out-Uc6kiKdW2_g-unsplash-scaled.jpg\",\"contentUrl\":\"https:\\\/\\\/elimatlanta.com\\\/wp-content\\\/uploads\\\/2025\\\/11\\\/sixteen-miles-out-Uc6kiKdW2_g-unsplash-scaled.jpg\"},{\"@type\":\"BreadcrumbList\",\"@id\":\"https:\\\/\\\/elimatlanta.com\\\/en\\\/beliefs\\\/#breadcrumb\",\"itemListElement\":[{\"@type\":\"ListItem\",\"position\":1,\"name\":\"Home\",\"item\":\"https:\\\/\\\/elimatlanta.com\\\/en\\\/\"},{\"@type\":\"ListItem\",\"position\":2,\"name\":\"Crezul Nostru\"}]},{\"@type\":\"WebSite\",\"@id\":\"https:\\\/\\\/elimatlanta.com\\\/en\\\/#website\",\"url\":\"https:\\\/\\\/elimatlanta.com\\\/en\\\/\",\"name\":\"Elim Atlanta\",\"description\":\"\",\"publisher\":{\"@id\":\"https:\\\/\\\/elimatlanta.com\\\/en\\\/#organization\"},\"potentialAction\":[{\"@type\":\"SearchAction\",\"target\":{\"@type\":\"EntryPoint\",\"urlTemplate\":\"https:\\\/\\\/elimatlanta.com\\\/en\\\/?s={search_term_string}\"},\"query-input\":{\"@type\":\"PropertyValueSpecification\",\"valueRequired\":true,\"valueName\":\"search_term_string\"}}],\"inLanguage\":\"en-US\"},{\"@type\":\"Organization\",\"@id\":\"https:\\\/\\\/elimatlanta.com\\\/en\\\/#organization\",\"name\":\"Elim Atlanta\",\"url\":\"https:\\\/\\\/elimatlanta.com\\\/en\\\/\",\"logo\":{\"@type\":\"ImageObject\",\"inLanguage\":\"en-US\",\"@id\":\"https:\\\/\\\/elimatlanta.com\\\/en\\\/#\\\/schema\\\/logo\\\/image\\\/\",\"url\":\"\",\"contentUrl\":\"\",\"caption\":\"Elim Atlanta\"},\"image\":{\"@id\":\"https:\\\/\\\/elimatlanta.com\\\/en\\\/#\\\/schema\\\/logo\\\/image\\\/\"},\"sameAs\":[\"https:\\\/\\\/www.facebook.com\\\/elimatlanta\"]}]}<\/script>\n<!-- \/ Yoast SEO plugin. -->","yoast_head_json":{"title":"Crezul Nostru - Elim Atlanta","robots":{"index":"index","follow":"follow","max-snippet":"max-snippet:-1","max-image-preview":"max-image-preview:large","max-video-preview":"max-video-preview:-1"},"canonical":"https:\/\/elimatlanta.com\/en\/beliefs\/","og_locale":"en_US","og_type":"article","og_title":"Crezul Nostru - Elim Atlanta","og_description":"Noi Credem Ca: &#8211; Biblia (Sf\u00e2nta Scriptur\u0103) este Cuv\u00e2ntul lui Dumnezeu, f\u0103r\u0103 gre\u0219eal\u0103, \u0219i singura noastr\u0103 norm\u0103 de via\u021b\u0103 de credin\u021b\u0103. (2 Timotei 3:16) &#8211; Dumnezeu exist\u0103 \u00een trei persoane: Tat\u0103l, Fiul \u0219i Duhul Sf\u00e2nt. (1 Ioan 5:7). Domnul Isus Hristos este Singurul Fiu al lui Dumnezeu, conceput prin Duhul Sf\u00e2nt \u0219i n\u0103scut din Fecioara [&hellip;]","og_url":"https:\/\/elimatlanta.com\/en\/beliefs\/","og_site_name":"Elim Atlanta","article_publisher":"https:\/\/www.facebook.com\/elimatlanta","article_modified_time":"2025-11-25T00:10:02+00:00","og_image":[{"url":"https:\/\/elimatlanta.com\/wp-content\/uploads\/2025\/11\/sixteen-miles-out-Uc6kiKdW2_g-unsplash-scaled.jpg","type":"","width":"","height":""}],"twitter_card":"summary_large_image","twitter_misc":{"Est. reading time":"2 minutes"},"schema":{"@context":"https:\/\/schema.org","@graph":[{"@type":"WebPage","@id":"https:\/\/elimatlanta.com\/en\/beliefs\/","url":"https:\/\/elimatlanta.com\/en\/beliefs\/","name":"Crezul Nostru - Elim Atlanta","isPartOf":{"@id":"https:\/\/elimatlanta.com\/en\/#website"},"primaryImageOfPage":{"@id":"https:\/\/elimatlanta.com\/en\/beliefs\/#primaryimage"},"image":{"@id":"https:\/\/elimatlanta.com\/en\/beliefs\/#primaryimage"},"thumbnailUrl":"https:\/\/elimatlanta.com\/wp-content\/uploads\/2025\/11\/sixteen-miles-out-Uc6kiKdW2_g-unsplash-scaled.jpg","datePublished":"2025-11-21T23:14:21+00:00","dateModified":"2025-11-25T00:10:02+00:00","breadcrumb":{"@id":"https:\/\/elimatlanta.com\/en\/beliefs\/#breadcrumb"},"inLanguage":"en-US","potentialAction":[{"@type":"ReadAction","target":["https:\/\/elimatlanta.com\/en\/beliefs\/"]}]},{"@type":"ImageObject","inLanguage":"en-US","@id":"https:\/\/elimatlanta.com\/en\/beliefs\/#primaryimage","url":"https:\/\/elimatlanta.com\/wp-content\/uploads\/2025\/11\/sixteen-miles-out-Uc6kiKdW2_g-unsplash-scaled.jpg","contentUrl":"https:\/\/elimatlanta.com\/wp-content\/uploads\/2025\/11\/sixteen-miles-out-Uc6kiKdW2_g-unsplash-scaled.jpg"},{"@type":"BreadcrumbList","@id":"https:\/\/elimatlanta.com\/en\/beliefs\/#breadcrumb","itemListElement":[{"@type":"ListItem","position":1,"name":"Home","item":"https:\/\/elimatlanta.com\/en\/"},{"@type":"ListItem","position":2,"name":"Crezul Nostru"}]},{"@type":"WebSite","@id":"https:\/\/elimatlanta.com\/en\/#website","url":"https:\/\/elimatlanta.com\/en\/","name":"Elim Atlanta","description":"","publisher":{"@id":"https:\/\/elimatlanta.com\/en\/#organization"},"potentialAction":[{"@type":"SearchAction","target":{"@type":"EntryPoint","urlTemplate":"https:\/\/elimatlanta.com\/en\/?s={search_term_string}"},"query-input":{"@type":"PropertyValueSpecification","valueRequired":true,"valueName":"search_term_string"}}],"inLanguage":"en-US"},{"@type":"Organization","@id":"https:\/\/elimatlanta.com\/en\/#organization","name":"Elim Atlanta","url":"https:\/\/elimatlanta.com\/en\/","logo":{"@type":"ImageObject","inLanguage":"en-US","@id":"https:\/\/elimatlanta.com\/en\/#\/schema\/logo\/image\/","url":"","contentUrl":"","caption":"Elim Atlanta"},"image":{"@id":"https:\/\/elimatlanta.com\/en\/#\/schema\/logo\/image\/"},"sameAs":["https:\/\/www.facebook.com\/elimatlanta"]}]}},"uagb_featured_image_src":{"full":false,"thumbnail":false,"medium":false,"medium_large":false,"large":false,"1536x1536":false,"2048x2048":false,"trp-custom-language-flag":false,"awb_sm":false,"awb_md":false,"awb_lg":false,"awb_xl":false},"uagb_author_info":{"display_name":"coroamaa","author_link":"https:\/\/elimatlanta.com\/en\/author\/coroamaa\/"},"uagb_comment_info":0,"uagb_excerpt":"Noi Credem Ca: &#8211; Biblia (Sf\u00e2nta Scriptur\u0103) este Cuv\u00e2ntul lui Dumnezeu, f\u0103r\u0103 gre\u0219eal\u0103, \u0219i singura noastr\u0103 norm\u0103 de via\u021b\u0103 de credin\u021b\u0103. (2 Timotei 3:16) &#8211; Dumnezeu exist\u0103 \u00een trei persoane: Tat\u0103l, Fiul \u0219i Duhul Sf\u00e2nt. (1 Ioan 5:7). Domnul Isus Hristos este Singurul Fiu al lui Dumnezeu, conceput prin Duhul Sf\u00e2nt \u0219i n\u0103scut din Fecioara&hellip;","_links":{"self":[{"href":"https:\/\/elimatlanta.com\/en\/wp-json\/wp\/v2\/pages\/584","targetHints":{"allow":["GET"]}}],"collection":[{"href":"https:\/\/elimatlanta.com\/en\/wp-json\/wp\/v2\/pages"}],"about":[{"href":"https:\/\/elimatlanta.com\/en\/wp-json\/wp\/v2\/types\/page"}],"author":[{"embeddable":true,"href":"https:\/\/elimatlanta.com\/en\/wp-json\/wp\/v2\/users\/1"}],"replies":[{"embeddable":true,"href":"https:\/\/elimatlanta.com\/en\/wp-json\/wp\/v2\/comments?post=584"}],"version-history":[{"count":21,"href":"https:\/\/elimatlanta.com\/en\/wp-json\/wp\/v2\/pages\/584\/revisions"}],"predecessor-version":[{"id":1010,"href":"https:\/\/elimatlanta.com\/en\/wp-json\/wp\/v2\/pages\/584\/revisions\/1010"}],"wp:attachment":[{"href":"https:\/\/elimatlanta.com\/en\/wp-json\/wp\/v2\/media?parent=584"}],"curies":[{"name":"wp","href":"https:\/\/api.w.org\/{rel}","templated":true}]}}