{"id":532,"date":"2025-11-20T20:38:36","date_gmt":"2025-11-20T20:38:36","guid":{"rendered":"https:\/\/elimatlanta-zym5swksxy.live-website.com\/?page_id=532"},"modified":"2025-11-22T03:21:28","modified_gmt":"2025-11-22T03:21:28","slug":"donations","status":"publish","type":"page","link":"https:\/\/elimatlanta.com\/en\/donations\/","title":{"rendered":"Donations"},"content":{"rendered":"<div class=\"wp-block-nk-awb nk-awb has-mono-2-color has-000000-background-color has-text-color has-background has-link-color wp-elements-deeff07fc36e731af7768794e439a029\"><div class=\"nk-awb-wrap\" style=\"background:#000000\" data-awb-type=\"image\" data-awb-parallax=\"scroll\" data-awb-parallax-speed=\"1.5\" data-awb-parallax-mobile=\"false\" data-awb-image-background-size=\"cover\" data-awb-image-background-position=\"49% 89%\"><div class=\"nk-awb-inner\" style=\"opacity: 0.55;\"><img loading=\"lazy\" decoding=\"async\" src=\"https:\/\/elimatlanta.com\/wp-content\/uploads\/2025\/11\/donatii-scaled.jpeg\" class=\"wp-image-538 jarallax-img\" width=\"2560\" height=\"1707\" srcset=\"https:\/\/elimatlanta.com\/wp-content\/uploads\/2025\/11\/donatii-scaled.jpeg 2560w, https:\/\/elimatlanta.com\/wp-content\/uploads\/2025\/11\/donatii-300x200.jpeg 300w, https:\/\/elimatlanta.com\/wp-content\/uploads\/2025\/11\/donatii-1024x683.jpeg 1024w, https:\/\/elimatlanta.com\/wp-content\/uploads\/2025\/11\/donatii-768x512.jpeg 768w, https:\/\/elimatlanta.com\/wp-content\/uploads\/2025\/11\/donatii-1536x1024.jpeg 1536w, https:\/\/elimatlanta.com\/wp-content\/uploads\/2025\/11\/donatii-2048x1365.jpeg 2048w, https:\/\/elimatlanta.com\/wp-content\/uploads\/2025\/11\/donatii-500x333.jpeg 500w, https:\/\/elimatlanta.com\/wp-content\/uploads\/2025\/11\/donatii-800x533.jpeg 800w, https:\/\/elimatlanta.com\/wp-content\/uploads\/2025\/11\/donatii-1280x853.jpeg 1280w, https:\/\/elimatlanta.com\/wp-content\/uploads\/2025\/11\/donatii-1920x1280.jpeg 1920w\" sizes=\"auto, (max-width: 2560px) 100vw, 2560px\" \/><\/div><\/div><div class=\"nk-awb-wrap-content has-global-padding is-layout-constrained wp-block-nk-awb-is-layout-constrained\">\n<div class=\"wp-block-uagb-container uagb-block-01f1828c alignfull uagb-is-root-container\"><div class=\"uagb-container-inner-blocks-wrap\">\n<p><\/p>\n<\/div><\/div>\n\n\n\n<div class=\"wp-block-uagb-advanced-heading uagb-block-4c47c9b6\"><h2 class=\"uagb-heading-text\">Donations<\/h2><\/div>\n\n\n\n<pre class=\"wp-block-verse has-text-align-center has-contrast-light-color has-text-color has-link-color has-fontsecondary-font-family has-superbfont-small-font-size wp-elements-d67fd4c3ce600939f76e0d084a43797c\">\"... And try Me now in this, Says the Lord of hosts, <br>If I will not open for you the windows of heaven <br>And pour out for you such blessing \"<\/pre>\n\n\n\n<p class=\"has-text-align-center has-contrast-light-color has-text-color has-link-color has-fontsecondary-font-family has-superbfont-xxsmall-font-size wp-elements-c8519cce0d36e825cfa9a05840353446\">Malachi 3:10<\/p>\n\n\n\n<div class=\"wp-block-uagb-container uagb-block-51319e77 alignfull uagb-is-root-container\"><div class=\"uagb-container-inner-blocks-wrap\">\n<p><\/p>\n<\/div><\/div>\n<\/div><\/div>\n\n\n\n<div class=\"wp-block-group alignfull has-mono-4-background-color has-background has-global-padding is-layout-constrained wp-container-core-group-is-layout-8b1a30a7 wp-block-group-is-layout-constrained\" style=\"padding-top:var(--wp--preset--spacing--superbspacing-medium);padding-right:var(--wp--preset--spacing--superbspacing-small);padding-bottom:var(--wp--preset--spacing--superbspacing-medium);padding-left:var(--wp--preset--spacing--superbspacing-small)\">\n<hr class=\"wp-block-separator has-alpha-channel-opacity\" id=\"donations\"\/>\n\n\n\n<h2 class=\"wp-block-heading has-text-align-center has-superbfont-large-font-size\">Donations for the financial support of Elim Church. <\/h2>\n\n\n\n<div class=\"wp-block-group has-mono-2-color has-text-color has-link-color wp-elements-d57a7a5c41fc20ebf16d191a0e4ec4df is-vertical is-content-justification-center is-layout-flex wp-container-core-group-is-layout-2f3f8f86 wp-block-group-is-layout-flex\">\n<div class=\"wp-block-group is-vertical is-content-justification-left is-layout-flex wp-container-core-group-is-layout-dd225191 wp-block-group-is-layout-flex\">\n<div class=\"wp-block-group is-content-justification-center is-nowrap is-layout-flex wp-container-core-group-is-layout-23441af8 wp-block-group-is-layout-flex\">\n<figure class=\"wp-block-image size-full is-resized is-style-default wp-container-content-69bc4bdf\"><a href=\"https:\/\/www.paypal.com\/cgi-bin\/webscr?cmd=_s-xclick&amp;hosted_button_id=EQCWHEC2CWWMQ\" target=\"_blank\" rel=\" noreferrer noopener\"><img loading=\"lazy\" decoding=\"async\" width=\"593\" height=\"585\" src=\"https:\/\/elimatlanta-zym5swksxy.live-website.com\/wp-content\/uploads\/2025\/11\/Paypal_2014_logo.png\" alt=\"\" class=\"wp-image-227\" style=\"width:90px;height:auto\" srcset=\"https:\/\/elimatlanta.com\/wp-content\/uploads\/2025\/11\/Paypal_2014_logo.png 593w, https:\/\/elimatlanta.com\/wp-content\/uploads\/2025\/11\/Paypal_2014_logo-300x296.png 300w, https:\/\/elimatlanta.com\/wp-content\/uploads\/2025\/11\/Paypal_2014_logo-500x493.png 500w\" sizes=\"auto, (max-width: 593px) 100vw, 593px\" \/><\/a><\/figure>\n\n\n\n<p class=\"has-text-align-center has-mono-2-color has-text-color has-link-color wp-elements-f90ad27d70e48aeb43487cbd45ebeb0f\"><a href=\"https:\/\/www.paypal.com\/cgi-bin\/webscr?cmd=_s-xclick&amp;hosted_button_id=EQCWHEC2CWWMQ\">Make a one-time or monthly payment through PayPal, by credit card or PayPal account.<\/a><\/p>\n<\/div>\n\n\n\n<div class=\"wp-block-group is-content-justification-left is-nowrap is-layout-flex wp-container-core-group-is-layout-fc9f69e7 wp-block-group-is-layout-flex\">\n<figure class=\"wp-block-image size-large is-resized is-style-rounded wp-container-content-69bc4bdf\"><img loading=\"lazy\" decoding=\"async\" width=\"1024\" height=\"540\" src=\"https:\/\/elimatlanta-zym5swksxy.live-website.com\/wp-content\/uploads\/2025\/11\/Zelle_logo.svg_-1024x540.png\" alt=\"\" class=\"wp-image-231\" style=\"width:90px;height:auto\" srcset=\"https:\/\/elimatlanta.com\/wp-content\/uploads\/2025\/11\/Zelle_logo.svg_-1024x540.png 1024w, https:\/\/elimatlanta.com\/wp-content\/uploads\/2025\/11\/Zelle_logo.svg_-300x158.png 300w, https:\/\/elimatlanta.com\/wp-content\/uploads\/2025\/11\/Zelle_logo.svg_-768x405.png 768w, https:\/\/elimatlanta.com\/wp-content\/uploads\/2025\/11\/Zelle_logo.svg_-500x264.png 500w, https:\/\/elimatlanta.com\/wp-content\/uploads\/2025\/11\/Zelle_logo.svg_-800x422.png 800w, https:\/\/elimatlanta.com\/wp-content\/uploads\/2025\/11\/Zelle_logo.svg_.png 1200w\" sizes=\"auto, (max-width: 1024px) 100vw, 1024px\" \/><\/figure>\n\n\n\n<p class=\"has-text-align-center\"><span style=\"text-decoration: underline;\">If you use Zelle: <strong>zelle@elimatlanta.org<\/strong><\/span><\/p>\n<\/div>\n<\/div>\n<\/div>\n<\/div>","protected":false},"excerpt":{"rendered":"<p>Dona\u021bii pentru sus\u021binerea financiar\u0103 a Bisericii Elim. Pl\u0103te\u0219te o singur\u0103 dat\u0103 sau lunar prin PayPal, fie cu PayPal, fie cu cardul. Dac\u0103 folose\u0219ti Zelle: zelle@elimatlanta.org<\/p>","protected":false},"author":1,"featured_media":0,"parent":0,"menu_order":0,"comment_status":"closed","ping_status":"closed","template":"","meta":{"_eb_attr":"","_uag_custom_page_level_css":"","footnotes":""},"class_list":["post-532","page","type-page","status-publish","hentry"],"yoast_head":"<!-- This site is optimized with the Yoast SEO plugin v27.3 - https:\/\/yoast.com\/product\/yoast-seo-wordpress\/ -->\n<title>Dona\u021bii - Elim Atlanta<\/title>\n<meta name=\"robots\" content=\"index, follow, max-snippet:-1, max-image-preview:large, max-video-preview:-1\" \/>\n<link rel=\"canonical\" href=\"https:\/\/elimatlanta.com\/en\/donations\/\" \/>\n<meta property=\"og:locale\" content=\"en_US\" \/>\n<meta property=\"og:type\" content=\"article\" \/>\n<meta property=\"og:title\" content=\"Dona\u021bii - Elim Atlanta\" \/>\n<meta property=\"og:description\" content=\"Dona\u021bii pentru sus\u021binerea financiar\u0103 a Bisericii Elim. Pl\u0103te\u0219te o singur\u0103 dat\u0103 sau lunar prin PayPal, fie cu PayPal, fie cu cardul. Dac\u0103 folose\u0219ti Zelle: zelle@elimatlanta.org\" \/>\n<meta property=\"og:url\" content=\"https:\/\/elimatlanta.com\/en\/donations\/\" \/>\n<meta property=\"og:site_name\" content=\"Elim Atlanta\" \/>\n<meta property=\"article:publisher\" content=\"https:\/\/www.facebook.com\/elimatlanta\" \/>\n<meta property=\"article:modified_time\" content=\"2025-11-22T03:21:28+00:00\" \/>\n<meta property=\"og:image\" content=\"https:\/\/elimatlanta.com\/wp-content\/uploads\/2025\/11\/donatii-scaled.jpeg\" \/>\n<meta name=\"twitter:card\" content=\"summary_large_image\" \/>\n<meta name=\"twitter:label1\" content=\"Est. reading time\" \/>\n\t<meta name=\"twitter:data1\" content=\"1 minute\" \/>\n<script type=\"application\/ld+json\" class=\"yoast-schema-graph\">{\"@context\":\"https:\\\/\\\/schema.org\",\"@graph\":[{\"@type\":\"WebPage\",\"@id\":\"https:\\\/\\\/elimatlanta.com\\\/en\\\/donations\\\/\",\"url\":\"https:\\\/\\\/elimatlanta.com\\\/en\\\/donations\\\/\",\"name\":\"Dona\u021bii - Elim Atlanta\",\"isPartOf\":{\"@id\":\"https:\\\/\\\/elimatlanta.com\\\/en\\\/#website\"},\"primaryImageOfPage\":{\"@id\":\"https:\\\/\\\/elimatlanta.com\\\/en\\\/donations\\\/#primaryimage\"},\"image\":{\"@id\":\"https:\\\/\\\/elimatlanta.com\\\/en\\\/donations\\\/#primaryimage\"},\"thumbnailUrl\":\"https:\\\/\\\/elimatlanta.com\\\/wp-content\\\/uploads\\\/2025\\\/11\\\/donatii-scaled.jpeg\",\"datePublished\":\"2025-11-20T20:38:36+00:00\",\"dateModified\":\"2025-11-22T03:21:28+00:00\",\"breadcrumb\":{\"@id\":\"https:\\\/\\\/elimatlanta.com\\\/en\\\/donations\\\/#breadcrumb\"},\"inLanguage\":\"en-US\",\"potentialAction\":[{\"@type\":\"ReadAction\",\"target\":[\"https:\\\/\\\/elimatlanta.com\\\/en\\\/donations\\\/\"]}]},{\"@type\":\"ImageObject\",\"inLanguage\":\"en-US\",\"@id\":\"https:\\\/\\\/elimatlanta.com\\\/en\\\/donations\\\/#primaryimage\",\"url\":\"https:\\\/\\\/elimatlanta.com\\\/wp-content\\\/uploads\\\/2025\\\/11\\\/donatii-scaled.jpeg\",\"contentUrl\":\"https:\\\/\\\/elimatlanta.com\\\/wp-content\\\/uploads\\\/2025\\\/11\\\/donatii-scaled.jpeg\"},{\"@type\":\"BreadcrumbList\",\"@id\":\"https:\\\/\\\/elimatlanta.com\\\/en\\\/donations\\\/#breadcrumb\",\"itemListElement\":[{\"@type\":\"ListItem\",\"position\":1,\"name\":\"Home\",\"item\":\"https:\\\/\\\/elimatlanta.com\\\/en\\\/\"},{\"@type\":\"ListItem\",\"position\":2,\"name\":\"Dona\u021bii\"}]},{\"@type\":\"WebSite\",\"@id\":\"https:\\\/\\\/elimatlanta.com\\\/en\\\/#website\",\"url\":\"https:\\\/\\\/elimatlanta.com\\\/en\\\/\",\"name\":\"Elim Atlanta\",\"description\":\"\",\"publisher\":{\"@id\":\"https:\\\/\\\/elimatlanta.com\\\/en\\\/#organization\"},\"potentialAction\":[{\"@type\":\"SearchAction\",\"target\":{\"@type\":\"EntryPoint\",\"urlTemplate\":\"https:\\\/\\\/elimatlanta.com\\\/en\\\/?s={search_term_string}\"},\"query-input\":{\"@type\":\"PropertyValueSpecification\",\"valueRequired\":true,\"valueName\":\"search_term_string\"}}],\"inLanguage\":\"en-US\"},{\"@type\":\"Organization\",\"@id\":\"https:\\\/\\\/elimatlanta.com\\\/en\\\/#organization\",\"name\":\"Elim Atlanta\",\"url\":\"https:\\\/\\\/elimatlanta.com\\\/en\\\/\",\"logo\":{\"@type\":\"ImageObject\",\"inLanguage\":\"en-US\",\"@id\":\"https:\\\/\\\/elimatlanta.com\\\/en\\\/#\\\/schema\\\/logo\\\/image\\\/\",\"url\":\"\",\"contentUrl\":\"\",\"caption\":\"Elim Atlanta\"},\"image\":{\"@id\":\"https:\\\/\\\/elimatlanta.com\\\/en\\\/#\\\/schema\\\/logo\\\/image\\\/\"},\"sameAs\":[\"https:\\\/\\\/www.facebook.com\\\/elimatlanta\"]}]}<\/script>\n<!-- \/ Yoast SEO plugin. -->","yoast_head_json":{"title":"Dona\u021bii - Elim Atlanta","robots":{"index":"index","follow":"follow","max-snippet":"max-snippet:-1","max-image-preview":"max-image-preview:large","max-video-preview":"max-video-preview:-1"},"canonical":"https:\/\/elimatlanta.com\/en\/donations\/","og_locale":"en_US","og_type":"article","og_title":"Dona\u021bii - Elim Atlanta","og_description":"Dona\u021bii pentru sus\u021binerea financiar\u0103 a Bisericii Elim. Pl\u0103te\u0219te o singur\u0103 dat\u0103 sau lunar prin PayPal, fie cu PayPal, fie cu cardul. Dac\u0103 folose\u0219ti Zelle: zelle@elimatlanta.org","og_url":"https:\/\/elimatlanta.com\/en\/donations\/","og_site_name":"Elim Atlanta","article_publisher":"https:\/\/www.facebook.com\/elimatlanta","article_modified_time":"2025-11-22T03:21:28+00:00","og_image":[{"url":"https:\/\/elimatlanta.com\/wp-content\/uploads\/2025\/11\/donatii-scaled.jpeg","type":"","width":"","height":""}],"twitter_card":"summary_large_image","twitter_misc":{"Est. reading time":"1 minute"},"schema":{"@context":"https:\/\/schema.org","@graph":[{"@type":"WebPage","@id":"https:\/\/elimatlanta.com\/en\/donations\/","url":"https:\/\/elimatlanta.com\/en\/donations\/","name":"Dona\u021bii - Elim Atlanta","isPartOf":{"@id":"https:\/\/elimatlanta.com\/en\/#website"},"primaryImageOfPage":{"@id":"https:\/\/elimatlanta.com\/en\/donations\/#primaryimage"},"image":{"@id":"https:\/\/elimatlanta.com\/en\/donations\/#primaryimage"},"thumbnailUrl":"https:\/\/elimatlanta.com\/wp-content\/uploads\/2025\/11\/donatii-scaled.jpeg","datePublished":"2025-11-20T20:38:36+00:00","dateModified":"2025-11-22T03:21:28+00:00","breadcrumb":{"@id":"https:\/\/elimatlanta.com\/en\/donations\/#breadcrumb"},"inLanguage":"en-US","potentialAction":[{"@type":"ReadAction","target":["https:\/\/elimatlanta.com\/en\/donations\/"]}]},{"@type":"ImageObject","inLanguage":"en-US","@id":"https:\/\/elimatlanta.com\/en\/donations\/#primaryimage","url":"https:\/\/elimatlanta.com\/wp-content\/uploads\/2025\/11\/donatii-scaled.jpeg","contentUrl":"https:\/\/elimatlanta.com\/wp-content\/uploads\/2025\/11\/donatii-scaled.jpeg"},{"@type":"BreadcrumbList","@id":"https:\/\/elimatlanta.com\/en\/donations\/#breadcrumb","itemListElement":[{"@type":"ListItem","position":1,"name":"Home","item":"https:\/\/elimatlanta.com\/en\/"},{"@type":"ListItem","position":2,"name":"Dona\u021bii"}]},{"@type":"WebSite","@id":"https:\/\/elimatlanta.com\/en\/#website","url":"https:\/\/elimatlanta.com\/en\/","name":"Elim Atlanta","description":"","publisher":{"@id":"https:\/\/elimatlanta.com\/en\/#organization"},"potentialAction":[{"@type":"SearchAction","target":{"@type":"EntryPoint","urlTemplate":"https:\/\/elimatlanta.com\/en\/?s={search_term_string}"},"query-input":{"@type":"PropertyValueSpecification","valueRequired":true,"valueName":"search_term_string"}}],"inLanguage":"en-US"},{"@type":"Organization","@id":"https:\/\/elimatlanta.com\/en\/#organization","name":"Elim Atlanta","url":"https:\/\/elimatlanta.com\/en\/","logo":{"@type":"ImageObject","inLanguage":"en-US","@id":"https:\/\/elimatlanta.com\/en\/#\/schema\/logo\/image\/","url":"","contentUrl":"","caption":"Elim Atlanta"},"image":{"@id":"https:\/\/elimatlanta.com\/en\/#\/schema\/logo\/image\/"},"sameAs":["https:\/\/www.facebook.com\/elimatlanta"]}]}},"uagb_featured_image_src":{"full":false,"thumbnail":false,"medium":false,"medium_large":false,"large":false,"1536x1536":false,"2048x2048":false,"trp-custom-language-flag":false,"awb_sm":false,"awb_md":false,"awb_lg":false,"awb_xl":false},"uagb_author_info":{"display_name":"coroamaa","author_link":"https:\/\/elimatlanta.com\/en\/author\/coroamaa\/"},"uagb_comment_info":0,"uagb_excerpt":"Dona\u021bii pentru sus\u021binerea financiar\u0103 a Bisericii Elim. Pl\u0103te\u0219te o singur\u0103 dat\u0103 sau lunar prin PayPal, fie cu PayPal, fie cu cardul. Dac\u0103 folose\u0219ti Zelle: zelle@elimatlanta.org","_links":{"self":[{"href":"https:\/\/elimatlanta.com\/en\/wp-json\/wp\/v2\/pages\/532","targetHints":{"allow":["GET"]}}],"collection":[{"href":"https:\/\/elimatlanta.com\/en\/wp-json\/wp\/v2\/pages"}],"about":[{"href":"https:\/\/elimatlanta.com\/en\/wp-json\/wp\/v2\/types\/page"}],"author":[{"embeddable":true,"href":"https:\/\/elimatlanta.com\/en\/wp-json\/wp\/v2\/users\/1"}],"replies":[{"embeddable":true,"href":"https:\/\/elimatlanta.com\/en\/wp-json\/wp\/v2\/comments?post=532"}],"version-history":[{"count":13,"href":"https:\/\/elimatlanta.com\/en\/wp-json\/wp\/v2\/pages\/532\/revisions"}],"predecessor-version":[{"id":714,"href":"https:\/\/elimatlanta.com\/en\/wp-json\/wp\/v2\/pages\/532\/revisions\/714"}],"wp:attachment":[{"href":"https:\/\/elimatlanta.com\/en\/wp-json\/wp\/v2\/media?parent=532"}],"curies":[{"name":"wp","href":"https:\/\/api.w.org\/{rel}","templated":true}]}}