{"id":471,"date":"2025-11-20T05:43:10","date_gmt":"2025-11-20T05:43:10","guid":{"rendered":"https:\/\/elimatlanta-zym5swksxy.live-website.com\/?page_id=471"},"modified":"2025-12-16T00:00:31","modified_gmt":"2025-12-16T00:00:31","slug":"music-old","status":"publish","type":"page","link":"https:\/\/elimatlanta.com\/en\/music-old\/","title":{"rendered":"Music"},"content":{"rendered":"<div class=\"wp-block-nk-awb nk-awb has-mono-2-color has-000000-background-color has-text-color has-background has-link-color wp-elements-92952dd9b347638db946935c2bf1a33a\"><div class=\"nk-awb-wrap\" style=\"background:#000000\" data-awb-type=\"image\" data-awb-parallax=\"scroll\" data-awb-parallax-speed=\"0.7\" data-awb-parallax-mobile=\"true\" data-awb-image-background-size=\"cover\" data-awb-image-background-position=\"50% 7%\"><div class=\"nk-awb-inner\" style=\"opacity: 0.65;\"><img loading=\"lazy\" decoding=\"async\" src=\"https:\/\/elimatlanta.com\/wp-content\/uploads\/2025\/11\/DSC_9947-scaled.jpg\" class=\"wp-image-476 jarallax-img\" width=\"2560\" height=\"1709\" srcset=\"https:\/\/elimatlanta.com\/wp-content\/uploads\/2025\/11\/DSC_9947-scaled.jpg 2560w, https:\/\/elimatlanta.com\/wp-content\/uploads\/2025\/11\/DSC_9947-300x200.jpg 300w, https:\/\/elimatlanta.com\/wp-content\/uploads\/2025\/11\/DSC_9947-1024x684.jpg 1024w, https:\/\/elimatlanta.com\/wp-content\/uploads\/2025\/11\/DSC_9947-768x513.jpg 768w, https:\/\/elimatlanta.com\/wp-content\/uploads\/2025\/11\/DSC_9947-1536x1025.jpg 1536w, https:\/\/elimatlanta.com\/wp-content\/uploads\/2025\/11\/DSC_9947-2048x1367.jpg 2048w, https:\/\/elimatlanta.com\/wp-content\/uploads\/2025\/11\/DSC_9947-500x334.jpg 500w, https:\/\/elimatlanta.com\/wp-content\/uploads\/2025\/11\/DSC_9947-800x534.jpg 800w, https:\/\/elimatlanta.com\/wp-content\/uploads\/2025\/11\/DSC_9947-1280x854.jpg 1280w, https:\/\/elimatlanta.com\/wp-content\/uploads\/2025\/11\/DSC_9947-1920x1282.jpg 1920w\" sizes=\"auto, (max-width: 2560px) 100vw, 2560px\" \/><\/div><\/div><div class=\"nk-awb-wrap-content has-global-padding is-layout-constrained wp-block-nk-awb-is-layout-constrained\">\n<div class=\"wp-block-uagb-container uagb-block-01f1828c alignfull uagb-is-root-container\"><div class=\"uagb-container-inner-blocks-wrap\"><\/div><\/div>\n\n\n\n<div class=\"wp-block-uagb-advanced-heading uagb-block-4c47c9b6\"><h2 class=\"uagb-heading-text\">Music<\/h2><\/div>\n\n\n\n<pre class=\"wp-block-verse has-text-align-center has-contrast-light-color has-text-color has-link-color has-fontsecondary-font-family has-superbfont-small-font-size wp-elements-9e690ba38eab10f61696edb65fc06d92\">\"\u2026Dac\u0103 sluje\u0219te cineva, s\u0103 slujeasc\u0103 dup\u0103 puterea pe<br>care i-o d\u0103 Dumnezeu, pentru ca \u00een toate lucrurile s\u0103 fie sl\u0103vit Dumnezeu<br>to whom belong the glory and the dominion forever and ever. Amen.<\/pre>\n\n\n\n<p class=\"has-text-align-center has-contrast-light-color has-text-color has-link-color has-fontsecondary-font-family has-superbfont-xxsmall-font-size wp-elements-10492aef392f6080a567c7cd28f0dabd\">1 Peter 4:11<\/p>\n\n\n\n<div class=\"wp-block-uagb-container uagb-block-51319e77 alignfull uagb-is-root-container\"><div class=\"uagb-container-inner-blocks-wrap\"><\/div><\/div>\n<\/div><\/div>\n\n\n\n<div class=\"wp-block-uagb-container uagb-block-c1adc59c alignfull uagb-is-root-container\"><div class=\"uagb-container-inner-blocks-wrap\"><\/div><\/div>\n\n\n\n<div class=\"wp-block-group has-global-padding is-layout-constrained wp-container-core-group-is-layout-704e782a wp-block-group-is-layout-constrained\">\n<p class=\"has-text-align-center has-primary-color has-text-color has-link-color wp-elements-1aa3c4d00c1c624d58bb158fa9cafb53\">Structura organizatoric\u0103 a bisericii locale cuprinde diferite departamente cu un efectiv mare de fra\u021bi \u0219i surori, de toate v\u00e2rstele, care slujesc cu d\u0103ruire pentru slava lui Dumnezeu. Departamentele func\u021bioneaz\u0103 sub \u00eendrumarea liderilor de departamente \u0219i \u00een colaborare cu Conducerea Bisericii.<\/p>\n<\/div>\n\n\n\n<div class=\"wp-block-uagb-container uagb-block-c1d3e90d alignfull uagb-is-root-container\"><div class=\"uagb-container-inner-blocks-wrap\"><\/div><\/div>","protected":false},"excerpt":{"rendered":"<p>Structura organizatoric\u0103 a bisericii locale cuprinde diferite departamente cu un efectiv mare de fra\u021bi \u0219i surori, de toate v\u00e2rstele, care slujesc cu d\u0103ruire pentru slava lui Dumnezeu. Departamentele func\u021bioneaz\u0103 sub \u00eendrumarea liderilor de departamente \u0219i \u00een colaborare cu Conducerea Bisericii.<\/p>","protected":false},"author":1,"featured_media":0,"parent":0,"menu_order":0,"comment_status":"closed","ping_status":"closed","template":"","meta":{"_eb_attr":"","_uag_custom_page_level_css":"","footnotes":""},"class_list":["post-471","page","type-page","status-publish","hentry"],"uagb_featured_image_src":{"full":false,"thumbnail":false,"medium":false,"medium_large":false,"large":false,"1536x1536":false,"2048x2048":false,"trp-custom-language-flag":false,"awb_sm":false,"awb_md":false,"awb_lg":false,"awb_xl":false},"uagb_author_info":{"display_name":"coroamaa","author_link":"https:\/\/elimatlanta.com\/en\/author\/coroamaa\/"},"uagb_comment_info":0,"uagb_excerpt":"Structura organizatoric\u0103 a bisericii locale cuprinde diferite departamente cu un efectiv mare de fra\u021bi \u0219i surori, de toate v\u00e2rstele, care slujesc cu d\u0103ruire pentru slava lui Dumnezeu. Departamentele func\u021bioneaz\u0103 sub \u00eendrumarea liderilor de departamente \u0219i \u00een colaborare cu Conducerea Bisericii.","_links":{"self":[{"href":"https:\/\/elimatlanta.com\/en\/wp-json\/wp\/v2\/pages\/471","targetHints":{"allow":["GET"]}}],"collection":[{"href":"https:\/\/elimatlanta.com\/en\/wp-json\/wp\/v2\/pages"}],"about":[{"href":"https:\/\/elimatlanta.com\/en\/wp-json\/wp\/v2\/types\/page"}],"author":[{"embeddable":true,"href":"https:\/\/elimatlanta.com\/en\/wp-json\/wp\/v2\/users\/1"}],"replies":[{"embeddable":true,"href":"https:\/\/elimatlanta.com\/en\/wp-json\/wp\/v2\/comments?post=471"}],"version-history":[{"count":20,"href":"https:\/\/elimatlanta.com\/en\/wp-json\/wp\/v2\/pages\/471\/revisions"}],"predecessor-version":[{"id":697,"href":"https:\/\/elimatlanta.com\/en\/wp-json\/wp\/v2\/pages\/471\/revisions\/697"}],"wp:attachment":[{"href":"https:\/\/elimatlanta.com\/en\/wp-json\/wp\/v2\/media?parent=471"}],"curies":[{"name":"wp","href":"https:\/\/api.w.org\/{rel}","templated":true}]}}