{"id":366,"date":"2025-11-20T01:51:59","date_gmt":"2025-11-20T01:51:59","guid":{"rendered":"https:\/\/elimatlanta-zym5swksxy.live-website.com\/?page_id=366"},"modified":"2025-11-26T00:03:39","modified_gmt":"2025-11-26T00:03:39","slug":"history","status":"publish","type":"page","link":"https:\/\/elimatlanta.com\/en\/history\/","title":{"rendered":"Short History"},"content":{"rendered":"<div class=\"wp-block-nk-awb nk-awb has-contrast-dark-color has-000000-background-color has-text-color has-background has-link-color wp-elements-a4db1ef6f963955aa59e8431546391d5\"><div class=\"nk-awb-wrap\" style=\"background:#000000\" data-awb-type=\"image\" data-awb-parallax=\"scroll\" data-awb-parallax-speed=\"0.5\" data-awb-parallax-mobile=\"true\" data-awb-image-background-size=\"cover\" data-awb-image-background-position=\"50% 50%\"><div class=\"nk-awb-inner\"><img loading=\"lazy\" decoding=\"async\" src=\"https:\/\/elimatlanta.com\/wp-content\/uploads\/2025\/11\/OldChurchMural.png\" class=\"wp-image-329 jarallax-img\" width=\"1536\" height=\"1024\" srcset=\"https:\/\/elimatlanta.com\/wp-content\/uploads\/2025\/11\/OldChurchMural.png 1536w, https:\/\/elimatlanta.com\/wp-content\/uploads\/2025\/11\/OldChurchMural-300x200.png 300w, https:\/\/elimatlanta.com\/wp-content\/uploads\/2025\/11\/OldChurchMural-1024x683.png 1024w, https:\/\/elimatlanta.com\/wp-content\/uploads\/2025\/11\/OldChurchMural-768x512.png 768w, https:\/\/elimatlanta.com\/wp-content\/uploads\/2025\/11\/OldChurchMural-500x333.png 500w, https:\/\/elimatlanta.com\/wp-content\/uploads\/2025\/11\/OldChurchMural-800x533.png 800w, https:\/\/elimatlanta.com\/wp-content\/uploads\/2025\/11\/OldChurchMural-1280x853.png 1280w\" sizes=\"auto, (max-width: 1536px) 100vw, 1536px\" \/><\/div><\/div><div class=\"nk-awb-wrap-content is-layout-flow wp-block-nk-awb-is-layout-flow\">\n<div class=\"wp-block-uagb-container uagb-block-01f1828c alignfull uagb-is-root-container\"><div class=\"uagb-container-inner-blocks-wrap\">\n<p><\/p>\n<\/div><\/div>\n\n\n\n<div class=\"wp-block-uagb-container uagb-block-c5bb5203 alignfull uagb-is-root-container\"><div class=\"uagb-container-inner-blocks-wrap\">\n<p><\/p>\n<\/div><\/div>\n\n\n\n<div class=\"wp-block-group has-global-padding is-layout-constrained wp-block-group-is-layout-constrained\">\n<div class=\"wp-block-uagb-advanced-heading uagb-block-5489151e\"><h2 class=\"uagb-heading-text\">Short History<\/h2><\/div>\n<\/div>\n\n\n\n<div class=\"wp-block-uagb-container uagb-block-e2857b49 alignfull uagb-is-root-container\"><div class=\"uagb-container-inner-blocks-wrap\">\n<p><\/p>\n<\/div><\/div>\n\n\n\n<div class=\"wp-block-uagb-container uagb-block-047cc3a2 alignfull uagb-is-root-container\"><div class=\"uagb-container-inner-blocks-wrap\">\n<p><\/p>\n<\/div><\/div>\n<\/div><\/div>\n\n\n\n<div class=\"wp-block-group has-global-padding is-layout-constrained wp-block-group-is-layout-constrained\">\n<div class=\"wp-block-essential-blocks-parallax-slider  root-eb-slider-m4fe9\"><div class=\"eb-parent-wrapper eb-parent-eb-slider-m4fe9\"><div class=\"eb-parallax-slider-wrapper eb-slider-m4fe9\"><div class=\"eb-parallax-container\" data-start-index=\"0\" data-intensity=\"50\"><div class=\"eb-parallax-slider\"><ul class=\"eb-parallax-wrapper\"><li class=\"slide\"><div class=\"slide__image-wrapper\"><img decoding=\"async\" class=\"slide__image\" src=\"https:\/\/elimatlanta.com\/wp-content\/uploads\/2025\/11\/mcphoto.coroama-557-scaled.jpg\" alt=\"\" style=\"opacity:1\"\/><\/div><article class=\"slide__content\"><h2 class=\"slide__headline\"><\/h2><button class=\"slide__action btn\" data-link=\"\" data-new-tab=\"true\"><\/button><\/article><\/li><li class=\"slide\"><div class=\"slide__image-wrapper\"><img decoding=\"async\" class=\"slide__image\" src=\"https:\/\/elimatlanta.com\/wp-content\/uploads\/2025\/11\/IMG_3407-1.jpg\" alt=\"\" style=\"opacity:1\"\/><\/div><article class=\"slide__content\"><h2 class=\"slide__headline\"><\/h2><button class=\"slide__action btn\" data-link=\"\" data-new-tab=\"true\"><\/button><\/article><\/li><li class=\"slide\"><div class=\"slide__image-wrapper\"><img decoding=\"async\" class=\"slide__image\" src=\"https:\/\/elimatlanta.com\/wp-content\/uploads\/2025\/11\/DSC_5332-scaled.jpeg\" alt=\"\" style=\"opacity:1\"\/><\/div><article class=\"slide__content\"><h2 class=\"slide__headline\"><\/h2><button class=\"slide__action btn\" data-link=\"\" data-new-tab=\"true\"><\/button><\/article><\/li><\/ul><div class=\"eb-slider__controls\"><div class=\"btn btn--previous\"><\/div><div class=\"btn btn--next\"><\/div><\/div><\/div><\/div><\/div><\/div><\/div>\n<\/div>\n\n\n\n<div class=\"wp-block-group has-global-padding is-layout-constrained wp-container-core-group-is-layout-4e42e085 wp-block-group-is-layout-constrained\" style=\"padding-top:var(--wp--preset--spacing--superbspacing-xxsmall);padding-right:var(--wp--preset--spacing--superbspacing-small);padding-bottom:var(--wp--preset--spacing--superbspacing-xxsmall);padding-left:var(--wp--preset--spacing--superbspacing-small)\">\n<div class=\"wp-block-group has-global-padding is-layout-constrained wp-block-group-is-layout-constrained\">\n<p class=\"has-text-align-center has-mono-1-color has-text-color has-link-color has-fontsecondary-font-family wp-elements-d787fa637b5cf5a726ee9f7289dcae7f\" style=\"font-size:clamp(16.293px, 1.018rem + ((1vw - 3.2px) * 0.989), 25px);\">But you, beloved, building yourselves up on your most holy faith, praying in the Holy Spirit, keep yourselves in the love of God, \nlooking for the mercy of our Lord Jesus Christ unto eternal life.<\/p>\n\n\n\n<p class=\"has-text-align-center has-mono-1-color has-text-color has-link-color has-fontsecondary-font-family has-superbfont-xxsmall-font-size wp-elements-65377a583d6fc658c8a68a09e933c46e\">Jude 20 - 21<\/p>\n<\/div>\n\n\n\n<div class=\"wp-block-uagb-container uagb-block-5aa499ed alignfull uagb-is-root-container\"><div class=\"uagb-container-inner-blocks-wrap\">\n<p><\/p>\n<\/div><\/div>\n\n\n\n<div class=\"wp-block-group has-global-padding is-layout-constrained wp-block-group-is-layout-constrained\">\n<p>We extend this greeting with warmth to the brothers who visit us, but it is also an encouragement for life and service to the members of the local church.<\/p>\n\n\n\n<p>The history of Elim Church began in July of the year 2000, when a small group of brothers, later joined by others, laid the foundation of this church. A Leadership Board was initially formed -- Brother Florian \u0218anta was chosen as pastor, and the newly established church began to operate under the name \"First Romanian Apostolic Church\".\n\nThe church services began in August 2000, and from then until today, they have been a blessing to the thousands of believers who, over time, have attended either as members of the church or as guests.<\/p>\n\n\n\n<p>Also in the year 2000, the purchase of a place of worship was brought into discussion; with God\u2019s help and blessing, in April 2001 the church took possession of the building in which it continues its ministry to this day. In the meantime, Pastor Florian Lucaciu assumed leadership of the church, and beginning in 2002 the church operated under the name \"First Romanian Pentecostal Church\".<\/p>\n\n\n\n<p>In 2004, an extensive renovation process was carried out so that the available space could be used effectively and to its full capacity. Pastor Florian Lucaciu stepped down from serving as senior pastor in 2006 and remained as an honorary pastor, while Brother Cosmin Avram was chosen as the pastor of the church. From the time of his ministry until today, the church has operated under the name \"Elim Romanian Pentecostal Church\".<\/p>\n\n\n\n<p>Through Credo TV, a monthly program was broadcast for several consecutive years, contributing to the spread of the Gospel over the airwaves. Beginning in 2012, Brother Cosmin Avram stepped down from his role as pastor of this church, with the purpose and desire of continuing missionary work in Sibiu County, Romania, where he moved with his entire family in the spring of 2013.<\/p>\n\n\n\n<p>In 2012, Brother Corneliu Olan was chosen as the pastor of Elim Church. More and more families from Europe, as well as from the USA, chose Georgia as their final destination, and thus the local church grew to over 1,100 souls, including children. Elim Church is a dynamic church, with worship services and activities that cover almost every day of the week.<\/p>\n\n\n\n<p>We rejoice in the Word, we rejoice in prayer, we rejoice in song, and in holy fellowship. We desire God\u2019s blessing and presence to be upon us, and we warmly invite you to visit us if you pass through this area!<\/p>\n<\/div>\n<\/div>\n\n\n\n<div class=\"wp-block-uagb-container uagb-block-afd918ec alignfull uagb-is-root-container\"><div class=\"uagb-container-inner-blocks-wrap\">\n<div class=\"wp-block-group has-global-padding is-layout-constrained wp-block-group-is-layout-constrained\"><\/div>\n<\/div><\/div>","protected":false},"excerpt":{"rendered":"<p>Dar voi, preaiubi\u021bilor, zidi\u021bi-v\u0103 suflete\u0219te pe credin\u021ba voastr\u0103 preasf\u00e2nt\u0103, ruga\u021bi-v\u0103 prin Duhul Sf\u00e2nt, \u021bine\u021bi-v\u0103 \u00een dragostea lui Dumnezeu \u0219i a\u0219tepta\u021bi \u00eendurarea Domnului nostru Isus Hristos, pentru via\u021ba ve\u0219nic\u0103. Iuda 20 &#8211; 21 Acest salut \u00eel transmitem cu mult\u0103 c\u0103ldur\u0103 fra\u021bilor care ne viziteaz\u0103, dar este \u0219i un \u00eendemn de via\u021b\u0103 \u0219i slujire pentru membrii bisericii [&hellip;]<\/p>\n","protected":false},"author":1,"featured_media":0,"parent":0,"menu_order":0,"comment_status":"closed","ping_status":"closed","template":"","meta":{"_eb_attr":"","_uag_custom_page_level_css":"","footnotes":""},"class_list":["post-366","page","type-page","status-publish","hentry"],"yoast_head":"<!-- This site is optimized with the Yoast SEO plugin v27.3 - https:\/\/yoast.com\/product\/yoast-seo-wordpress\/ -->\n<title>Scurt Istoric - Elim Atlanta<\/title>\n<meta name=\"robots\" content=\"index, follow, max-snippet:-1, max-image-preview:large, max-video-preview:-1\" \/>\n<link rel=\"canonical\" href=\"https:\/\/elimatlanta.com\/en\/history\/\" \/>\n<meta property=\"og:locale\" content=\"en_US\" \/>\n<meta property=\"og:type\" content=\"article\" \/>\n<meta property=\"og:title\" content=\"Scurt Istoric - Elim Atlanta\" \/>\n<meta property=\"og:description\" content=\"Dar voi, preaiubi\u021bilor, zidi\u021bi-v\u0103 suflete\u0219te pe credin\u021ba voastr\u0103 preasf\u00e2nt\u0103, ruga\u021bi-v\u0103 prin Duhul Sf\u00e2nt, \u021bine\u021bi-v\u0103 \u00een dragostea lui Dumnezeu \u0219i a\u0219tepta\u021bi \u00eendurarea Domnului nostru Isus Hristos, pentru via\u021ba ve\u0219nic\u0103. Iuda 20 &#8211; 21 Acest salut \u00eel transmitem cu mult\u0103 c\u0103ldur\u0103 fra\u021bilor care ne viziteaz\u0103, dar este \u0219i un \u00eendemn de via\u021b\u0103 \u0219i slujire pentru membrii bisericii [&hellip;]\" \/>\n<meta property=\"og:url\" content=\"https:\/\/elimatlanta.com\/en\/history\/\" \/>\n<meta property=\"og:site_name\" content=\"Elim Atlanta\" \/>\n<meta property=\"article:publisher\" content=\"https:\/\/www.facebook.com\/elimatlanta\" \/>\n<meta property=\"article:modified_time\" content=\"2025-11-26T00:03:39+00:00\" \/>\n<meta property=\"og:image\" content=\"https:\/\/elimatlanta.com\/wp-content\/uploads\/2025\/11\/OldChurchMural.png\" \/>\n<meta name=\"twitter:card\" content=\"summary_large_image\" \/>\n<meta name=\"twitter:label1\" content=\"Est. reading time\" \/>\n\t<meta name=\"twitter:data1\" content=\"3 minutes\" \/>\n<script type=\"application\/ld+json\" class=\"yoast-schema-graph\">{\"@context\":\"https:\\\/\\\/schema.org\",\"@graph\":[{\"@type\":\"WebPage\",\"@id\":\"https:\\\/\\\/elimatlanta.com\\\/en\\\/history\\\/\",\"url\":\"https:\\\/\\\/elimatlanta.com\\\/en\\\/history\\\/\",\"name\":\"Scurt Istoric - Elim Atlanta\",\"isPartOf\":{\"@id\":\"https:\\\/\\\/elimatlanta.com\\\/en\\\/#website\"},\"primaryImageOfPage\":{\"@id\":\"https:\\\/\\\/elimatlanta.com\\\/en\\\/history\\\/#primaryimage\"},\"image\":{\"@id\":\"https:\\\/\\\/elimatlanta.com\\\/en\\\/history\\\/#primaryimage\"},\"thumbnailUrl\":\"https:\\\/\\\/elimatlanta.com\\\/wp-content\\\/uploads\\\/2025\\\/11\\\/OldChurchMural.png\",\"datePublished\":\"2025-11-20T01:51:59+00:00\",\"dateModified\":\"2025-11-26T00:03:39+00:00\",\"breadcrumb\":{\"@id\":\"https:\\\/\\\/elimatlanta.com\\\/en\\\/history\\\/#breadcrumb\"},\"inLanguage\":\"en-US\",\"potentialAction\":[{\"@type\":\"ReadAction\",\"target\":[\"https:\\\/\\\/elimatlanta.com\\\/en\\\/history\\\/\"]}]},{\"@type\":\"ImageObject\",\"inLanguage\":\"en-US\",\"@id\":\"https:\\\/\\\/elimatlanta.com\\\/en\\\/history\\\/#primaryimage\",\"url\":\"https:\\\/\\\/elimatlanta.com\\\/wp-content\\\/uploads\\\/2025\\\/11\\\/OldChurchMural.png\",\"contentUrl\":\"https:\\\/\\\/elimatlanta.com\\\/wp-content\\\/uploads\\\/2025\\\/11\\\/OldChurchMural.png\"},{\"@type\":\"BreadcrumbList\",\"@id\":\"https:\\\/\\\/elimatlanta.com\\\/en\\\/history\\\/#breadcrumb\",\"itemListElement\":[{\"@type\":\"ListItem\",\"position\":1,\"name\":\"Home\",\"item\":\"https:\\\/\\\/elimatlanta.com\\\/en\\\/\"},{\"@type\":\"ListItem\",\"position\":2,\"name\":\"Scurt Istoric\"}]},{\"@type\":\"WebSite\",\"@id\":\"https:\\\/\\\/elimatlanta.com\\\/en\\\/#website\",\"url\":\"https:\\\/\\\/elimatlanta.com\\\/en\\\/\",\"name\":\"Elim Atlanta\",\"description\":\"\",\"publisher\":{\"@id\":\"https:\\\/\\\/elimatlanta.com\\\/en\\\/#organization\"},\"potentialAction\":[{\"@type\":\"SearchAction\",\"target\":{\"@type\":\"EntryPoint\",\"urlTemplate\":\"https:\\\/\\\/elimatlanta.com\\\/en\\\/?s={search_term_string}\"},\"query-input\":{\"@type\":\"PropertyValueSpecification\",\"valueRequired\":true,\"valueName\":\"search_term_string\"}}],\"inLanguage\":\"en-US\"},{\"@type\":\"Organization\",\"@id\":\"https:\\\/\\\/elimatlanta.com\\\/en\\\/#organization\",\"name\":\"Elim Atlanta\",\"url\":\"https:\\\/\\\/elimatlanta.com\\\/en\\\/\",\"logo\":{\"@type\":\"ImageObject\",\"inLanguage\":\"en-US\",\"@id\":\"https:\\\/\\\/elimatlanta.com\\\/en\\\/#\\\/schema\\\/logo\\\/image\\\/\",\"url\":\"\",\"contentUrl\":\"\",\"caption\":\"Elim Atlanta\"},\"image\":{\"@id\":\"https:\\\/\\\/elimatlanta.com\\\/en\\\/#\\\/schema\\\/logo\\\/image\\\/\"},\"sameAs\":[\"https:\\\/\\\/www.facebook.com\\\/elimatlanta\"]}]}<\/script>\n<!-- \/ Yoast SEO plugin. -->","yoast_head_json":{"title":"Scurt Istoric - Elim Atlanta","robots":{"index":"index","follow":"follow","max-snippet":"max-snippet:-1","max-image-preview":"max-image-preview:large","max-video-preview":"max-video-preview:-1"},"canonical":"https:\/\/elimatlanta.com\/en\/history\/","og_locale":"en_US","og_type":"article","og_title":"Scurt Istoric - Elim Atlanta","og_description":"Dar voi, preaiubi\u021bilor, zidi\u021bi-v\u0103 suflete\u0219te pe credin\u021ba voastr\u0103 preasf\u00e2nt\u0103, ruga\u021bi-v\u0103 prin Duhul Sf\u00e2nt, \u021bine\u021bi-v\u0103 \u00een dragostea lui Dumnezeu \u0219i a\u0219tepta\u021bi \u00eendurarea Domnului nostru Isus Hristos, pentru via\u021ba ve\u0219nic\u0103. Iuda 20 &#8211; 21 Acest salut \u00eel transmitem cu mult\u0103 c\u0103ldur\u0103 fra\u021bilor care ne viziteaz\u0103, dar este \u0219i un \u00eendemn de via\u021b\u0103 \u0219i slujire pentru membrii bisericii [&hellip;]","og_url":"https:\/\/elimatlanta.com\/en\/history\/","og_site_name":"Elim Atlanta","article_publisher":"https:\/\/www.facebook.com\/elimatlanta","article_modified_time":"2025-11-26T00:03:39+00:00","og_image":[{"url":"https:\/\/elimatlanta.com\/wp-content\/uploads\/2025\/11\/OldChurchMural.png","type":"","width":"","height":""}],"twitter_card":"summary_large_image","twitter_misc":{"Est. reading time":"3 minutes"},"schema":{"@context":"https:\/\/schema.org","@graph":[{"@type":"WebPage","@id":"https:\/\/elimatlanta.com\/en\/history\/","url":"https:\/\/elimatlanta.com\/en\/history\/","name":"Scurt Istoric - Elim Atlanta","isPartOf":{"@id":"https:\/\/elimatlanta.com\/en\/#website"},"primaryImageOfPage":{"@id":"https:\/\/elimatlanta.com\/en\/history\/#primaryimage"},"image":{"@id":"https:\/\/elimatlanta.com\/en\/history\/#primaryimage"},"thumbnailUrl":"https:\/\/elimatlanta.com\/wp-content\/uploads\/2025\/11\/OldChurchMural.png","datePublished":"2025-11-20T01:51:59+00:00","dateModified":"2025-11-26T00:03:39+00:00","breadcrumb":{"@id":"https:\/\/elimatlanta.com\/en\/history\/#breadcrumb"},"inLanguage":"en-US","potentialAction":[{"@type":"ReadAction","target":["https:\/\/elimatlanta.com\/en\/history\/"]}]},{"@type":"ImageObject","inLanguage":"en-US","@id":"https:\/\/elimatlanta.com\/en\/history\/#primaryimage","url":"https:\/\/elimatlanta.com\/wp-content\/uploads\/2025\/11\/OldChurchMural.png","contentUrl":"https:\/\/elimatlanta.com\/wp-content\/uploads\/2025\/11\/OldChurchMural.png"},{"@type":"BreadcrumbList","@id":"https:\/\/elimatlanta.com\/en\/history\/#breadcrumb","itemListElement":[{"@type":"ListItem","position":1,"name":"Home","item":"https:\/\/elimatlanta.com\/en\/"},{"@type":"ListItem","position":2,"name":"Scurt Istoric"}]},{"@type":"WebSite","@id":"https:\/\/elimatlanta.com\/en\/#website","url":"https:\/\/elimatlanta.com\/en\/","name":"Elim Atlanta","description":"","publisher":{"@id":"https:\/\/elimatlanta.com\/en\/#organization"},"potentialAction":[{"@type":"SearchAction","target":{"@type":"EntryPoint","urlTemplate":"https:\/\/elimatlanta.com\/en\/?s={search_term_string}"},"query-input":{"@type":"PropertyValueSpecification","valueRequired":true,"valueName":"search_term_string"}}],"inLanguage":"en-US"},{"@type":"Organization","@id":"https:\/\/elimatlanta.com\/en\/#organization","name":"Elim Atlanta","url":"https:\/\/elimatlanta.com\/en\/","logo":{"@type":"ImageObject","inLanguage":"en-US","@id":"https:\/\/elimatlanta.com\/en\/#\/schema\/logo\/image\/","url":"","contentUrl":"","caption":"Elim Atlanta"},"image":{"@id":"https:\/\/elimatlanta.com\/en\/#\/schema\/logo\/image\/"},"sameAs":["https:\/\/www.facebook.com\/elimatlanta"]}]}},"uagb_featured_image_src":{"full":false,"thumbnail":false,"medium":false,"medium_large":false,"large":false,"1536x1536":false,"2048x2048":false,"trp-custom-language-flag":false,"awb_sm":false,"awb_md":false,"awb_lg":false,"awb_xl":false},"uagb_author_info":{"display_name":"coroamaa","author_link":"https:\/\/elimatlanta.com\/en\/author\/coroamaa\/"},"uagb_comment_info":0,"uagb_excerpt":"Dar voi, preaiubi\u021bilor, zidi\u021bi-v\u0103 suflete\u0219te pe credin\u021ba voastr\u0103 preasf\u00e2nt\u0103, ruga\u021bi-v\u0103 prin Duhul Sf\u00e2nt, \u021bine\u021bi-v\u0103 \u00een dragostea lui Dumnezeu \u0219i a\u0219tepta\u021bi \u00eendurarea Domnului nostru Isus Hristos, pentru via\u021ba ve\u0219nic\u0103. Iuda 20 &#8211; 21 Acest salut \u00eel transmitem cu mult\u0103 c\u0103ldur\u0103 fra\u021bilor care ne viziteaz\u0103, dar este \u0219i un \u00eendemn de via\u021b\u0103 \u0219i slujire pentru membrii bisericii&hellip;","_links":{"self":[{"href":"https:\/\/elimatlanta.com\/en\/wp-json\/wp\/v2\/pages\/366","targetHints":{"allow":["GET"]}}],"collection":[{"href":"https:\/\/elimatlanta.com\/en\/wp-json\/wp\/v2\/pages"}],"about":[{"href":"https:\/\/elimatlanta.com\/en\/wp-json\/wp\/v2\/types\/page"}],"author":[{"embeddable":true,"href":"https:\/\/elimatlanta.com\/en\/wp-json\/wp\/v2\/users\/1"}],"replies":[{"embeddable":true,"href":"https:\/\/elimatlanta.com\/en\/wp-json\/wp\/v2\/comments?post=366"}],"version-history":[{"count":46,"href":"https:\/\/elimatlanta.com\/en\/wp-json\/wp\/v2\/pages\/366\/revisions"}],"predecessor-version":[{"id":1057,"href":"https:\/\/elimatlanta.com\/en\/wp-json\/wp\/v2\/pages\/366\/revisions\/1057"}],"wp:attachment":[{"href":"https:\/\/elimatlanta.com\/en\/wp-json\/wp\/v2\/media?parent=366"}],"curies":[{"name":"wp","href":"https:\/\/api.w.org\/{rel}","templated":true}]}}