{"id":1061,"date":"2025-12-15T23:48:52","date_gmt":"2025-12-15T23:48:52","guid":{"rendered":"https:\/\/elimatlanta.com\/?page_id=1061"},"modified":"2025-12-16T00:21:38","modified_gmt":"2025-12-16T00:21:38","slug":"music","status":"publish","type":"page","link":"https:\/\/elimatlanta.com\/en\/music\/","title":{"rendered":"Music"},"content":{"rendered":"<div class=\"wp-block-nk-awb nk-awb nk-awb-content-valign-center\" style=\"min-height:500px\"><div class=\"nk-awb-wrap\" data-awb-type=\"image\" data-awb-parallax=\"scroll\" data-awb-parallax-speed=\"0.5\" data-awb-parallax-mobile=\"true\" data-awb-image-background-size=\"cover\" data-awb-image-background-position=\"50% 50%\" data-awb-mouse-parallax=\"true\" data-awb-mouse-parallax-size=\"30\" data-awb-mouse-parallax-speed=\"5556\"><div class=\"nk-awb-overlay\" style=\"background: #0808087d;\"><\/div><div class=\"nk-awb-inner\"><img loading=\"lazy\" decoding=\"async\" src=\"https:\/\/elimatlanta.com\/wp-content\/uploads\/2025\/12\/DSC_0765-2-scaled.jpg\" class=\"wp-image-1067 jarallax-img\" width=\"2560\" height=\"1709\" srcset=\"https:\/\/elimatlanta.com\/wp-content\/uploads\/2025\/12\/DSC_0765-2-scaled.jpg 2560w, https:\/\/elimatlanta.com\/wp-content\/uploads\/2025\/12\/DSC_0765-2-300x200.jpg 300w, https:\/\/elimatlanta.com\/wp-content\/uploads\/2025\/12\/DSC_0765-2-1024x684.jpg 1024w, https:\/\/elimatlanta.com\/wp-content\/uploads\/2025\/12\/DSC_0765-2-768x513.jpg 768w, https:\/\/elimatlanta.com\/wp-content\/uploads\/2025\/12\/DSC_0765-2-1536x1025.jpg 1536w, https:\/\/elimatlanta.com\/wp-content\/uploads\/2025\/12\/DSC_0765-2-2048x1367.jpg 2048w, https:\/\/elimatlanta.com\/wp-content\/uploads\/2025\/12\/DSC_0765-2-18x12.jpg 18w, https:\/\/elimatlanta.com\/wp-content\/uploads\/2025\/12\/DSC_0765-2-500x334.jpg 500w, https:\/\/elimatlanta.com\/wp-content\/uploads\/2025\/12\/DSC_0765-2-800x534.jpg 800w, https:\/\/elimatlanta.com\/wp-content\/uploads\/2025\/12\/DSC_0765-2-1280x854.jpg 1280w, https:\/\/elimatlanta.com\/wp-content\/uploads\/2025\/12\/DSC_0765-2-1920x1282.jpg 1920w\" sizes=\"auto, (max-width: 2560px) 100vw, 2560px\" \/><\/div><\/div><div class=\"nk-awb-wrap-content is-layout-flow wp-block-nk-awb-is-layout-flow\">\n<div class=\"wp-block-group has-global-padding is-layout-constrained wp-container-core-group-is-layout-709027d3 wp-block-group-is-layout-constrained\" style=\"padding-top:var(--wp--preset--spacing--superbspacing-small);padding-right:var(--wp--preset--spacing--superbspacing-small);padding-bottom:var(--wp--preset--spacing--superbspacing-small);padding-left:var(--wp--preset--spacing--superbspacing-small)\">\n<div class=\"wp-block-group has-global-padding is-content-justification-center is-layout-constrained wp-container-core-group-is-layout-cb99d8d5 wp-block-group-is-layout-constrained\" style=\"margin-top:0;margin-bottom:0\">\n<h1 class=\"wp-block-heading has-text-align-center has-text-color has-fontsecondary-font-family\" style=\"color:#fdfdfd;font-size:clamp(24.034px, 1.502rem + ((1vw - 3.2px) * 1.814), 40px);font-style:normal;font-weight:400\">MUSIC<\/h1>\n\n\n\n<pre class=\"wp-block-verse has-text-align-center has-contrast-light-color has-text-color has-link-color has-fontsecondary-font-family has-superbfont-small-font-size wp-elements-91b13c930d09cca7c84c94b90cd4846e\">\"I will sing to the Lord as long as I live; <br>I will sing praise to my God while I have my being.\"<\/pre>\n\n\n\n<p class=\"has-text-align-center has-contrast-light-color has-text-color has-link-color has-fontsecondary-font-family has-superbfont-xxsmall-font-size wp-elements-6f3b9715fd7644563d1fbc9e218dbdd2\">Psalm 104:33<\/p>\n<\/div>\n<\/div>\n<\/div><\/div>\n\n\n\n<div class=\"wp-block-group has-global-padding is-layout-constrained wp-container-core-group-is-layout-704e782a wp-block-group-is-layout-constrained\">\n<div style=\"height:49px\" aria-hidden=\"true\" class=\"wp-block-spacer\"><\/div>\n\n\n\n<h2 class=\"wp-block-heading alignwide has-text-align-center has-mono-1-color has-text-color has-link-color wp-elements-92d41003ba1d835fd1a128c2d435ebf7\">Ministry of Praise &amp; Worship<\/h2>\n\n\n\n<hr class=\"wp-block-separator has-alpha-channel-opacity is-style-wide\" style=\"margin-top:var(--wp--preset--spacing--superbspacing-small);margin-bottom:var(--wp--preset--spacing--superbspacing-medium)\"\/>\n\n\n\n<div class=\"wp-block-columns alignwide is-layout-flex wp-container-core-columns-is-layout-aba8bc53 wp-block-columns-is-layout-flex\">\n<div class=\"wp-block-column is-layout-flow wp-block-column-is-layout-flow\">\n<p class=\"has-text-align-center has-fontsecondary-font-family has-superbfont-small-font-size\"><strong style=\"font-size:22px\">Music Director<\/strong><br>Daniel Piu<\/p>\n\n\n\n<p class=\"has-text-align-center has-fontsecondary-font-family has-superbfont-small-font-size\"><strong style=\"font-size:22px\">Mixed Choir<\/strong><br>Andrei Piu, Daniel Piu,<br>Ovidiu \u0218tirb, David Coroam\u0103<\/p>\n\n\n\n<p class=\"has-text-align-center has-fontsecondary-font-family has-superbfont-small-font-size\"><strong style=\"font-size:22px\">Band<\/strong><br>Dumitru Coroian, Johnny Procopoi<\/p>\n<\/div>\n\n\n\n<div class=\"wp-block-column is-layout-flow wp-block-column-is-layout-flow\">\n<p class=\"has-text-align-center has-fontsecondary-font-family has-superbfont-small-font-size\"><strong style=\"font-size:22px\">Youth Choir<\/strong><br>David Coroam\u0103<\/p>\n\n\n\n<p class=\"has-text-align-center has-fontsecondary-font-family has-superbfont-small-font-size\"><strong style=\"font-size:22px\">Girls' Choir<\/strong><br>Jenny Matei<\/p>\n\n\n\n<p class=\"has-text-align-center has-fontsecondary-font-family has-superbfont-small-font-size\"><strong style=\"font-size:22px\">Kids' Choir<\/strong><br>Samy N\u0103ndrean, Sylvia Procopoi<\/p>\n<\/div>\n\n\n\n<div class=\"wp-block-column is-layout-flow wp-block-column-is-layout-flow\">\n<p class=\"has-text-align-center has-fontsecondary-font-family has-superbfont-small-font-size\"><strong style=\"font-size:22px\">Men's Choir<\/strong><br>Andrei Piu<\/p>\n\n\n\n<p class=\"has-text-align-center has-fontsecondary-font-family has-superbfont-small-font-size\"><strong style=\"font-size:22px\">Praise and Worship<\/strong><br>Nick Neculcea, Daniel Cornea,<br>Andrei Piu, Daniel Piu<\/p>\n\n\n\n<p class=\"has-text-align-center has-fontsecondary-font-family has-superbfont-small-font-size\"><strong style=\"font-size:22px\">Groups<\/strong><br>Grupul Sinai, Elim Worship<\/p>\n<\/div>\n<\/div>\n\n\n\n<div style=\"height:49px\" aria-hidden=\"true\" class=\"wp-block-spacer\"><\/div>\n<\/div>","protected":false},"excerpt":{"rendered":"<p>Slujirea prin Laud\u0103 \u0219i \u00cenchinare Director MuzicalDaniel Piu Cor MixtAndrei Piu, Daniel Piu,Ovidiu \u0218tirb, David Coroam\u0103 Fanfar\u0103Dumitru Coroian, Johnny Procopoi Cor TineretDavid Coroam\u0103 Cor de FeteJenny Matei Cor CopiiSamy N\u0103ndrean, Sylvia Procopoi Cor B\u0103rb\u0103tescAndrei Piu Laud\u0103 \u0219i \u00cenchinareNick Neculcea, Daniel Cornea,Andrei Piu, Daniel Piu Forma\u021biiGrupul Sinai, Elim Worship<\/p>","protected":false},"author":1,"featured_media":0,"parent":0,"menu_order":0,"comment_status":"closed","ping_status":"closed","template":"","meta":{"_eb_attr":"","_uag_custom_page_level_css":"","footnotes":""},"class_list":["post-1061","page","type-page","status-publish","hentry"],"yoast_head":"<!-- This site is optimized with the Yoast SEO plugin v27.3 - https:\/\/yoast.com\/product\/yoast-seo-wordpress\/ -->\n<title>Music - Elim Atlanta<\/title>\n<meta name=\"robots\" content=\"index, follow, max-snippet:-1, max-image-preview:large, max-video-preview:-1\" \/>\n<link rel=\"canonical\" href=\"https:\/\/elimatlanta.com\/en\/music\/\" \/>\n<meta property=\"og:locale\" content=\"en_US\" \/>\n<meta property=\"og:type\" content=\"article\" \/>\n<meta property=\"og:title\" content=\"Music - Elim Atlanta\" \/>\n<meta property=\"og:description\" content=\"Slujirea prin Laud\u0103 \u0219i \u00cenchinare Director MuzicalDaniel Piu Cor MixtAndrei Piu, Daniel Piu,Ovidiu \u0218tirb, David Coroam\u0103 Fanfar\u0103Dumitru Coroian, Johnny Procopoi Cor TineretDavid Coroam\u0103 Cor de FeteJenny Matei Cor CopiiSamy N\u0103ndrean, Sylvia Procopoi Cor B\u0103rb\u0103tescAndrei Piu Laud\u0103 \u0219i \u00cenchinareNick Neculcea, Daniel Cornea,Andrei Piu, Daniel Piu Forma\u021biiGrupul Sinai, Elim Worship\" \/>\n<meta property=\"og:url\" content=\"https:\/\/elimatlanta.com\/en\/music\/\" \/>\n<meta property=\"og:site_name\" content=\"Elim Atlanta\" \/>\n<meta property=\"article:publisher\" content=\"https:\/\/www.facebook.com\/elimatlanta\" \/>\n<meta property=\"article:modified_time\" content=\"2025-12-16T00:21:38+00:00\" \/>\n<meta property=\"og:image\" content=\"https:\/\/elimatlanta.com\/wp-content\/uploads\/2025\/12\/DSC_0765-2-scaled.jpg\" \/>\n<meta name=\"twitter:card\" content=\"summary_large_image\" \/>\n<meta name=\"twitter:label1\" content=\"Est. reading time\" \/>\n\t<meta name=\"twitter:data1\" content=\"1 minute\" \/>\n<script type=\"application\/ld+json\" class=\"yoast-schema-graph\">{\"@context\":\"https:\\\/\\\/schema.org\",\"@graph\":[{\"@type\":\"WebPage\",\"@id\":\"https:\\\/\\\/elimatlanta.com\\\/en\\\/music\\\/\",\"url\":\"https:\\\/\\\/elimatlanta.com\\\/en\\\/music\\\/\",\"name\":\"Music - Elim Atlanta\",\"isPartOf\":{\"@id\":\"https:\\\/\\\/elimatlanta.com\\\/en\\\/#website\"},\"primaryImageOfPage\":{\"@id\":\"https:\\\/\\\/elimatlanta.com\\\/en\\\/music\\\/#primaryimage\"},\"image\":{\"@id\":\"https:\\\/\\\/elimatlanta.com\\\/en\\\/music\\\/#primaryimage\"},\"thumbnailUrl\":\"https:\\\/\\\/elimatlanta.com\\\/wp-content\\\/uploads\\\/2025\\\/12\\\/DSC_0765-2-scaled.jpg\",\"datePublished\":\"2025-12-15T23:48:52+00:00\",\"dateModified\":\"2025-12-16T00:21:38+00:00\",\"breadcrumb\":{\"@id\":\"https:\\\/\\\/elimatlanta.com\\\/en\\\/music\\\/#breadcrumb\"},\"inLanguage\":\"en-US\",\"potentialAction\":[{\"@type\":\"ReadAction\",\"target\":[\"https:\\\/\\\/elimatlanta.com\\\/en\\\/music\\\/\"]}]},{\"@type\":\"ImageObject\",\"inLanguage\":\"en-US\",\"@id\":\"https:\\\/\\\/elimatlanta.com\\\/en\\\/music\\\/#primaryimage\",\"url\":\"https:\\\/\\\/elimatlanta.com\\\/wp-content\\\/uploads\\\/2025\\\/12\\\/DSC_0765-2-scaled.jpg\",\"contentUrl\":\"https:\\\/\\\/elimatlanta.com\\\/wp-content\\\/uploads\\\/2025\\\/12\\\/DSC_0765-2-scaled.jpg\"},{\"@type\":\"BreadcrumbList\",\"@id\":\"https:\\\/\\\/elimatlanta.com\\\/en\\\/music\\\/#breadcrumb\",\"itemListElement\":[{\"@type\":\"ListItem\",\"position\":1,\"name\":\"Home\",\"item\":\"https:\\\/\\\/elimatlanta.com\\\/en\\\/\"},{\"@type\":\"ListItem\",\"position\":2,\"name\":\"Music\"}]},{\"@type\":\"WebSite\",\"@id\":\"https:\\\/\\\/elimatlanta.com\\\/en\\\/#website\",\"url\":\"https:\\\/\\\/elimatlanta.com\\\/en\\\/\",\"name\":\"Elim Atlanta\",\"description\":\"\",\"publisher\":{\"@id\":\"https:\\\/\\\/elimatlanta.com\\\/en\\\/#organization\"},\"potentialAction\":[{\"@type\":\"SearchAction\",\"target\":{\"@type\":\"EntryPoint\",\"urlTemplate\":\"https:\\\/\\\/elimatlanta.com\\\/en\\\/?s={search_term_string}\"},\"query-input\":{\"@type\":\"PropertyValueSpecification\",\"valueRequired\":true,\"valueName\":\"search_term_string\"}}],\"inLanguage\":\"en-US\"},{\"@type\":\"Organization\",\"@id\":\"https:\\\/\\\/elimatlanta.com\\\/en\\\/#organization\",\"name\":\"Elim Atlanta\",\"url\":\"https:\\\/\\\/elimatlanta.com\\\/en\\\/\",\"logo\":{\"@type\":\"ImageObject\",\"inLanguage\":\"en-US\",\"@id\":\"https:\\\/\\\/elimatlanta.com\\\/en\\\/#\\\/schema\\\/logo\\\/image\\\/\",\"url\":\"\",\"contentUrl\":\"\",\"caption\":\"Elim Atlanta\"},\"image\":{\"@id\":\"https:\\\/\\\/elimatlanta.com\\\/en\\\/#\\\/schema\\\/logo\\\/image\\\/\"},\"sameAs\":[\"https:\\\/\\\/www.facebook.com\\\/elimatlanta\"]}]}<\/script>\n<!-- \/ Yoast SEO plugin. -->","yoast_head_json":{"title":"Music - Elim Atlanta","robots":{"index":"index","follow":"follow","max-snippet":"max-snippet:-1","max-image-preview":"max-image-preview:large","max-video-preview":"max-video-preview:-1"},"canonical":"https:\/\/elimatlanta.com\/en\/music\/","og_locale":"en_US","og_type":"article","og_title":"Music - Elim Atlanta","og_description":"Slujirea prin Laud\u0103 \u0219i \u00cenchinare Director MuzicalDaniel Piu Cor MixtAndrei Piu, Daniel Piu,Ovidiu \u0218tirb, David Coroam\u0103 Fanfar\u0103Dumitru Coroian, Johnny Procopoi Cor TineretDavid Coroam\u0103 Cor de FeteJenny Matei Cor CopiiSamy N\u0103ndrean, Sylvia Procopoi Cor B\u0103rb\u0103tescAndrei Piu Laud\u0103 \u0219i \u00cenchinareNick Neculcea, Daniel Cornea,Andrei Piu, Daniel Piu Forma\u021biiGrupul Sinai, Elim Worship","og_url":"https:\/\/elimatlanta.com\/en\/music\/","og_site_name":"Elim Atlanta","article_publisher":"https:\/\/www.facebook.com\/elimatlanta","article_modified_time":"2025-12-16T00:21:38+00:00","og_image":[{"url":"https:\/\/elimatlanta.com\/wp-content\/uploads\/2025\/12\/DSC_0765-2-scaled.jpg","type":"","width":"","height":""}],"twitter_card":"summary_large_image","twitter_misc":{"Est. reading time":"1 minute"},"schema":{"@context":"https:\/\/schema.org","@graph":[{"@type":"WebPage","@id":"https:\/\/elimatlanta.com\/en\/music\/","url":"https:\/\/elimatlanta.com\/en\/music\/","name":"Music - Elim Atlanta","isPartOf":{"@id":"https:\/\/elimatlanta.com\/en\/#website"},"primaryImageOfPage":{"@id":"https:\/\/elimatlanta.com\/en\/music\/#primaryimage"},"image":{"@id":"https:\/\/elimatlanta.com\/en\/music\/#primaryimage"},"thumbnailUrl":"https:\/\/elimatlanta.com\/wp-content\/uploads\/2025\/12\/DSC_0765-2-scaled.jpg","datePublished":"2025-12-15T23:48:52+00:00","dateModified":"2025-12-16T00:21:38+00:00","breadcrumb":{"@id":"https:\/\/elimatlanta.com\/en\/music\/#breadcrumb"},"inLanguage":"en-US","potentialAction":[{"@type":"ReadAction","target":["https:\/\/elimatlanta.com\/en\/music\/"]}]},{"@type":"ImageObject","inLanguage":"en-US","@id":"https:\/\/elimatlanta.com\/en\/music\/#primaryimage","url":"https:\/\/elimatlanta.com\/wp-content\/uploads\/2025\/12\/DSC_0765-2-scaled.jpg","contentUrl":"https:\/\/elimatlanta.com\/wp-content\/uploads\/2025\/12\/DSC_0765-2-scaled.jpg"},{"@type":"BreadcrumbList","@id":"https:\/\/elimatlanta.com\/en\/music\/#breadcrumb","itemListElement":[{"@type":"ListItem","position":1,"name":"Home","item":"https:\/\/elimatlanta.com\/en\/"},{"@type":"ListItem","position":2,"name":"Music"}]},{"@type":"WebSite","@id":"https:\/\/elimatlanta.com\/en\/#website","url":"https:\/\/elimatlanta.com\/en\/","name":"Elim Atlanta","description":"","publisher":{"@id":"https:\/\/elimatlanta.com\/en\/#organization"},"potentialAction":[{"@type":"SearchAction","target":{"@type":"EntryPoint","urlTemplate":"https:\/\/elimatlanta.com\/en\/?s={search_term_string}"},"query-input":{"@type":"PropertyValueSpecification","valueRequired":true,"valueName":"search_term_string"}}],"inLanguage":"en-US"},{"@type":"Organization","@id":"https:\/\/elimatlanta.com\/en\/#organization","name":"Elim Atlanta","url":"https:\/\/elimatlanta.com\/en\/","logo":{"@type":"ImageObject","inLanguage":"en-US","@id":"https:\/\/elimatlanta.com\/en\/#\/schema\/logo\/image\/","url":"","contentUrl":"","caption":"Elim Atlanta"},"image":{"@id":"https:\/\/elimatlanta.com\/en\/#\/schema\/logo\/image\/"},"sameAs":["https:\/\/www.facebook.com\/elimatlanta"]}]}},"uagb_featured_image_src":{"full":false,"thumbnail":false,"medium":false,"medium_large":false,"large":false,"1536x1536":false,"2048x2048":false,"trp-custom-language-flag":false,"awb_sm":false,"awb_md":false,"awb_lg":false,"awb_xl":false},"uagb_author_info":{"display_name":"coroamaa","author_link":"https:\/\/elimatlanta.com\/en\/author\/coroamaa\/"},"uagb_comment_info":0,"uagb_excerpt":"Slujirea prin Laud\u0103 \u0219i \u00cenchinare Director MuzicalDaniel Piu Cor MixtAndrei Piu, Daniel Piu,Ovidiu \u0218tirb, David Coroam\u0103 Fanfar\u0103Dumitru Coroian, Johnny Procopoi Cor TineretDavid Coroam\u0103 Cor de FeteJenny Matei Cor CopiiSamy N\u0103ndrean, Sylvia Procopoi Cor B\u0103rb\u0103tescAndrei Piu Laud\u0103 \u0219i \u00cenchinareNick Neculcea, Daniel Cornea,Andrei Piu, Daniel Piu Forma\u021biiGrupul Sinai, Elim Worship","_links":{"self":[{"href":"https:\/\/elimatlanta.com\/en\/wp-json\/wp\/v2\/pages\/1061","targetHints":{"allow":["GET"]}}],"collection":[{"href":"https:\/\/elimatlanta.com\/en\/wp-json\/wp\/v2\/pages"}],"about":[{"href":"https:\/\/elimatlanta.com\/en\/wp-json\/wp\/v2\/types\/page"}],"author":[{"embeddable":true,"href":"https:\/\/elimatlanta.com\/en\/wp-json\/wp\/v2\/users\/1"}],"replies":[{"embeddable":true,"href":"https:\/\/elimatlanta.com\/en\/wp-json\/wp\/v2\/comments?post=1061"}],"version-history":[{"count":4,"href":"https:\/\/elimatlanta.com\/en\/wp-json\/wp\/v2\/pages\/1061\/revisions"}],"predecessor-version":[{"id":1080,"href":"https:\/\/elimatlanta.com\/en\/wp-json\/wp\/v2\/pages\/1061\/revisions\/1080"}],"wp:attachment":[{"href":"https:\/\/elimatlanta.com\/en\/wp-json\/wp\/v2\/media?parent=1061"}],"curies":[{"name":"wp","href":"https:\/\/api.w.org\/{rel}","templated":true}]}}