{"id":1056,"date":"2025-12-15T23:21:40","date_gmt":"2025-12-15T23:21:40","guid":{"rendered":"https:\/\/elimatlanta.com\/?page_id=1056"},"modified":"2025-12-16T00:08:50","modified_gmt":"2025-12-16T00:08:50","slug":"sunday-school","status":"publish","type":"page","link":"https:\/\/elimatlanta.com\/en\/sunday-school\/","title":{"rendered":"Sunday School"},"content":{"rendered":"<div class=\"wp-block-nk-awb nk-awb nk-awb-content-valign-center\" style=\"min-height:500px\"><div class=\"nk-awb-wrap\" data-awb-type=\"image\" data-awb-parallax=\"scroll\" data-awb-parallax-speed=\"0.5\" data-awb-parallax-mobile=\"true\" data-awb-image-background-size=\"cover\" data-awb-image-background-position=\"50% 50%\" data-awb-mouse-parallax=\"true\" data-awb-mouse-parallax-size=\"30\" data-awb-mouse-parallax-speed=\"5556\"><div class=\"nk-awb-overlay\" style=\"background: #0808087d;\"><\/div><div class=\"nk-awb-inner\"><img loading=\"lazy\" decoding=\"async\" src=\"https:\/\/elimatlanta.com\/wp-content\/uploads\/2025\/12\/DSC_2068-2-scaled.jpg\" class=\"wp-image-1077 jarallax-img\" width=\"2560\" height=\"1709\" srcset=\"https:\/\/elimatlanta.com\/wp-content\/uploads\/2025\/12\/DSC_2068-2-scaled.jpg 2560w, https:\/\/elimatlanta.com\/wp-content\/uploads\/2025\/12\/DSC_2068-2-300x200.jpg 300w, https:\/\/elimatlanta.com\/wp-content\/uploads\/2025\/12\/DSC_2068-2-1024x684.jpg 1024w, https:\/\/elimatlanta.com\/wp-content\/uploads\/2025\/12\/DSC_2068-2-768x513.jpg 768w, https:\/\/elimatlanta.com\/wp-content\/uploads\/2025\/12\/DSC_2068-2-1536x1025.jpg 1536w, https:\/\/elimatlanta.com\/wp-content\/uploads\/2025\/12\/DSC_2068-2-2048x1367.jpg 2048w, https:\/\/elimatlanta.com\/wp-content\/uploads\/2025\/12\/DSC_2068-2-18x12.jpg 18w, https:\/\/elimatlanta.com\/wp-content\/uploads\/2025\/12\/DSC_2068-2-500x334.jpg 500w, https:\/\/elimatlanta.com\/wp-content\/uploads\/2025\/12\/DSC_2068-2-800x534.jpg 800w, https:\/\/elimatlanta.com\/wp-content\/uploads\/2025\/12\/DSC_2068-2-1280x854.jpg 1280w, https:\/\/elimatlanta.com\/wp-content\/uploads\/2025\/12\/DSC_2068-2-1920x1282.jpg 1920w\" sizes=\"auto, (max-width: 2560px) 100vw, 2560px\" \/><\/div><\/div><div class=\"nk-awb-wrap-content is-layout-flow wp-block-nk-awb-is-layout-flow\">\n<div class=\"wp-block-group has-global-padding is-layout-constrained wp-container-core-group-is-layout-709027d3 wp-block-group-is-layout-constrained\" style=\"padding-top:var(--wp--preset--spacing--superbspacing-small);padding-right:var(--wp--preset--spacing--superbspacing-small);padding-bottom:var(--wp--preset--spacing--superbspacing-small);padding-left:var(--wp--preset--spacing--superbspacing-small)\">\n<div class=\"wp-block-group has-global-padding is-content-justification-center is-layout-constrained wp-container-core-group-is-layout-cb99d8d5 wp-block-group-is-layout-constrained\" style=\"margin-top:0;margin-bottom:0\">\n<h1 class=\"wp-block-heading has-text-align-center has-text-color has-fontsecondary-font-family\" style=\"color:#fdfdfd;font-size:clamp(24.034px, 1.502rem + ((1vw - 3.2px) * 1.814), 40px);font-style:normal;font-weight:400\">Sunday School<\/h1>\n\n\n\n<pre class=\"wp-block-verse has-text-align-center has-contrast-light-color has-text-color has-link-color has-fontsecondary-font-family has-superbfont-small-font-size wp-elements-196031720956d066235f0d99bbc82d2e\">\u201cTrain up a child in the way he should go; <br>and when he is old, he will not depart from it.\u201d<\/pre>\n\n\n\n<p class=\"has-text-align-center has-contrast-light-color has-text-color has-link-color has-fontsecondary-font-family has-superbfont-xxsmall-font-size wp-elements-e79b655d49cf06cb9172d9205e796292\">Proverbs 22:6<\/p>\n<\/div>\n<\/div>\n<\/div><\/div>\n\n\n\n<div class=\"wp-block-group has-global-padding is-layout-constrained wp-container-core-group-is-layout-bea02a06 wp-block-group-is-layout-constrained\">\n<div style=\"height:49px\" aria-hidden=\"true\" class=\"wp-block-spacer\"><\/div>\n\n\n\n<h2 class=\"wp-block-heading alignwide has-text-align-center has-mono-1-color has-text-color has-link-color wp-elements-f18a12100ca1fd4103e70e36d61b22a9\">Growing in Faith<\/h2>\n\n\n\n<p class=\"has-text-align-center has-mono-2-color has-text-color has-link-color has-fontsecondary-font-family wp-elements-c9acc843025e8b2085c08492a9392463\" style=\"padding-right:var(--wp--preset--spacing--superbspacing-xsmall);padding-left:var(--wp--preset--spacing--superbspacing-xsmall)\">Elim Sunday school is a welcoming place where children can learn and grow in their faith. Our ministry is composed of over 50 teachers and helpers who dedicate their time to teach and nurture nearly 300 kids.<\/p>\n\n\n\n<p class=\"has-text-align-center has-mono-2-color has-text-color has-link-color has-fontsecondary-font-family wp-elements-3e23deaaae87d3da2a561f5a73306fa4\" style=\"padding-right:var(--wp--preset--spacing--superbspacing-xsmall);padding-left:var(--wp--preset--spacing--superbspacing-xsmall)\">Each week, we explore the Bible through lessons and hands-on activities from the <strong>Brite* Curriculum<\/strong>, that helps us understand how to live a spirit-filled life. Our children spend an hour in praise and worship time during chapel, and then two hours in a classroom studying the word of God.<\/p>\n\n\n\n<div style=\"height:35px\" aria-hidden=\"true\" class=\"wp-block-spacer\"><\/div>\n<\/div>\n\n\n\n<hr class=\"wp-block-separator has-alpha-channel-opacity is-style-wide\" style=\"margin-top:var(--wp--preset--spacing--superbspacing-medium);margin-bottom:var(--wp--preset--spacing--superbspacing-medium)\"\/>\n\n\n\n<h2 class=\"wp-block-heading has-text-align-center has-fontsecondary-font-family has-superbfont-xlarge-font-size\" style=\"margin-bottom:var(--wp--preset--spacing--superbspacing-small)\">Leaders of Elim Sunday School<\/h2>\n\n\n\n<div class=\"wp-block-columns alignwide is-layout-flex wp-container-core-columns-is-layout-25593187 wp-block-columns-is-layout-flex\">\n<div class=\"wp-block-column is-layout-flow wp-block-column-is-layout-flow\">\n<p class=\"has-text-align-center has-fontsecondary-font-family has-superbfont-small-font-size translation-block\"><strong>Denisa Karcha<\/strong><br>Sunday School Director<\/p>\n\n\n\n<p class=\"has-text-align-center has-fontsecondary-font-family has-superbfont-small-font-size\"><strong>Sami N\u0103ndrean<\/strong><br>Kids Chapel and Talantul \u00een Nego\u021b<\/p>\n\n\n\n<p class=\"has-text-align-center has-fontsecondary-font-family has-superbfont-small-font-size\"><strong>Anna Lupu<\/strong><br>Daycare<\/p>\n<\/div>\n\n\n\n<div class=\"wp-block-column is-layout-flow wp-block-column-is-layout-flow\">\n<p class=\"has-text-align-center has-fontsecondary-font-family has-superbfont-small-font-size\"><strong>Beatrice Lehner<\/strong><br>Pre-school<\/p>\n\n\n\n<p class=\"has-text-align-center has-fontsecondary-font-family has-superbfont-small-font-size\"><strong>Mara Vlad<\/strong><br>Kindergarten<\/p>\n\n\n\n<p class=\"has-text-align-center has-fontsecondary-font-family has-superbfont-small-font-size\"><strong>Becky Alexandru<\/strong><br>1st-2nd grade<\/p>\n<\/div>\n\n\n\n<div class=\"wp-block-column is-layout-flow wp-block-column-is-layout-flow\">\n<p class=\"has-text-align-center has-fontsecondary-font-family has-superbfont-small-font-size\"><strong>Luisa Semeniuc<\/strong><br>3rd-4th grade<\/p>\n\n\n\n<p class=\"has-text-align-center has-fontsecondary-font-family has-superbfont-small-font-size\"><strong>Jessica Xochihua<\/strong><br>5th-6th grade<\/p>\n\n\n\n<p class=\"has-text-align-center has-fontsecondary-font-family has-superbfont-small-font-size\"><strong>Alex Zburlea<\/strong><br>7th grade<\/p>\n<\/div>\n<\/div>\n\n\n\n<div style=\"height:49px\" aria-hidden=\"true\" class=\"wp-block-spacer\"><\/div>","protected":false},"excerpt":{"rendered":"<p>Cre\u0219tere \u00een Credin\u021b\u0103 \u0218coala Duminical\u0103 Elim este un loc primitor unde copiii pot \u00eenv\u0103\u021ba \u0219i cre\u0219te \u00een credin\u021ba lor. Lucrarea noastr\u0103 este compus\u0103 din peste 50 de profesori \u0219i ajutoare care \u00ee\u0219i dedic\u0103 timpul pentru a \u00eenv\u0103\u021ba \u0219i a \u00eengriji aproape 300 de copii. \u00cen fiecare s\u0103pt\u0103m\u00e2n\u0103, studiem Biblia prin lec\u021bii \u0219i activit\u0103\u021bi practice din [&hellip;]<\/p>\n","protected":false},"author":1,"featured_media":0,"parent":0,"menu_order":0,"comment_status":"closed","ping_status":"closed","template":"","meta":{"_eb_attr":"","_uag_custom_page_level_css":"","footnotes":""},"class_list":["post-1056","page","type-page","status-publish","hentry"],"yoast_head":"<!-- This site is optimized with the Yoast SEO plugin v27.3 - https:\/\/yoast.com\/product\/yoast-seo-wordpress\/ -->\n<title>Sunday School - Elim Atlanta<\/title>\n<meta name=\"robots\" content=\"index, follow, max-snippet:-1, max-image-preview:large, max-video-preview:-1\" \/>\n<link rel=\"canonical\" href=\"https:\/\/elimatlanta.com\/en\/sunday-school\/\" \/>\n<meta property=\"og:locale\" content=\"en_US\" \/>\n<meta property=\"og:type\" content=\"article\" \/>\n<meta property=\"og:title\" content=\"Sunday School - Elim Atlanta\" \/>\n<meta property=\"og:description\" content=\"Cre\u0219tere \u00een Credin\u021b\u0103 \u0218coala Duminical\u0103 Elim este un loc primitor unde copiii pot \u00eenv\u0103\u021ba \u0219i cre\u0219te \u00een credin\u021ba lor. Lucrarea noastr\u0103 este compus\u0103 din peste 50 de profesori \u0219i ajutoare care \u00ee\u0219i dedic\u0103 timpul pentru a \u00eenv\u0103\u021ba \u0219i a \u00eengriji aproape 300 de copii. \u00cen fiecare s\u0103pt\u0103m\u00e2n\u0103, studiem Biblia prin lec\u021bii \u0219i activit\u0103\u021bi practice din [&hellip;]\" \/>\n<meta property=\"og:url\" content=\"https:\/\/elimatlanta.com\/en\/sunday-school\/\" \/>\n<meta property=\"og:site_name\" content=\"Elim Atlanta\" \/>\n<meta property=\"article:publisher\" content=\"https:\/\/www.facebook.com\/elimatlanta\" \/>\n<meta property=\"article:modified_time\" content=\"2025-12-16T00:08:50+00:00\" \/>\n<meta property=\"og:image\" content=\"https:\/\/elimatlanta.com\/wp-content\/uploads\/2025\/12\/DSC_2068-2-scaled.jpg\" \/>\n<meta name=\"twitter:card\" content=\"summary_large_image\" \/>\n<meta name=\"twitter:label1\" content=\"Est. reading time\" \/>\n\t<meta name=\"twitter:data1\" content=\"1 minute\" \/>\n<script type=\"application\/ld+json\" class=\"yoast-schema-graph\">{\"@context\":\"https:\\\/\\\/schema.org\",\"@graph\":[{\"@type\":\"WebPage\",\"@id\":\"https:\\\/\\\/elimatlanta.com\\\/en\\\/sunday-school\\\/\",\"url\":\"https:\\\/\\\/elimatlanta.com\\\/en\\\/sunday-school\\\/\",\"name\":\"Sunday School - Elim Atlanta\",\"isPartOf\":{\"@id\":\"https:\\\/\\\/elimatlanta.com\\\/en\\\/#website\"},\"primaryImageOfPage\":{\"@id\":\"https:\\\/\\\/elimatlanta.com\\\/en\\\/sunday-school\\\/#primaryimage\"},\"image\":{\"@id\":\"https:\\\/\\\/elimatlanta.com\\\/en\\\/sunday-school\\\/#primaryimage\"},\"thumbnailUrl\":\"https:\\\/\\\/elimatlanta.com\\\/wp-content\\\/uploads\\\/2025\\\/12\\\/DSC_2068-2-scaled.jpg\",\"datePublished\":\"2025-12-15T23:21:40+00:00\",\"dateModified\":\"2025-12-16T00:08:50+00:00\",\"breadcrumb\":{\"@id\":\"https:\\\/\\\/elimatlanta.com\\\/en\\\/sunday-school\\\/#breadcrumb\"},\"inLanguage\":\"en-US\",\"potentialAction\":[{\"@type\":\"ReadAction\",\"target\":[\"https:\\\/\\\/elimatlanta.com\\\/en\\\/sunday-school\\\/\"]}]},{\"@type\":\"ImageObject\",\"inLanguage\":\"en-US\",\"@id\":\"https:\\\/\\\/elimatlanta.com\\\/en\\\/sunday-school\\\/#primaryimage\",\"url\":\"https:\\\/\\\/elimatlanta.com\\\/wp-content\\\/uploads\\\/2025\\\/12\\\/DSC_2068-2-scaled.jpg\",\"contentUrl\":\"https:\\\/\\\/elimatlanta.com\\\/wp-content\\\/uploads\\\/2025\\\/12\\\/DSC_2068-2-scaled.jpg\"},{\"@type\":\"BreadcrumbList\",\"@id\":\"https:\\\/\\\/elimatlanta.com\\\/en\\\/sunday-school\\\/#breadcrumb\",\"itemListElement\":[{\"@type\":\"ListItem\",\"position\":1,\"name\":\"Home\",\"item\":\"https:\\\/\\\/elimatlanta.com\\\/en\\\/\"},{\"@type\":\"ListItem\",\"position\":2,\"name\":\"Sunday School\"}]},{\"@type\":\"WebSite\",\"@id\":\"https:\\\/\\\/elimatlanta.com\\\/en\\\/#website\",\"url\":\"https:\\\/\\\/elimatlanta.com\\\/en\\\/\",\"name\":\"Elim Atlanta\",\"description\":\"\",\"publisher\":{\"@id\":\"https:\\\/\\\/elimatlanta.com\\\/en\\\/#organization\"},\"potentialAction\":[{\"@type\":\"SearchAction\",\"target\":{\"@type\":\"EntryPoint\",\"urlTemplate\":\"https:\\\/\\\/elimatlanta.com\\\/en\\\/?s={search_term_string}\"},\"query-input\":{\"@type\":\"PropertyValueSpecification\",\"valueRequired\":true,\"valueName\":\"search_term_string\"}}],\"inLanguage\":\"en-US\"},{\"@type\":\"Organization\",\"@id\":\"https:\\\/\\\/elimatlanta.com\\\/en\\\/#organization\",\"name\":\"Elim Atlanta\",\"url\":\"https:\\\/\\\/elimatlanta.com\\\/en\\\/\",\"logo\":{\"@type\":\"ImageObject\",\"inLanguage\":\"en-US\",\"@id\":\"https:\\\/\\\/elimatlanta.com\\\/en\\\/#\\\/schema\\\/logo\\\/image\\\/\",\"url\":\"\",\"contentUrl\":\"\",\"caption\":\"Elim Atlanta\"},\"image\":{\"@id\":\"https:\\\/\\\/elimatlanta.com\\\/en\\\/#\\\/schema\\\/logo\\\/image\\\/\"},\"sameAs\":[\"https:\\\/\\\/www.facebook.com\\\/elimatlanta\"]}]}<\/script>\n<!-- \/ Yoast SEO plugin. -->","yoast_head_json":{"title":"Sunday School - Elim Atlanta","robots":{"index":"index","follow":"follow","max-snippet":"max-snippet:-1","max-image-preview":"max-image-preview:large","max-video-preview":"max-video-preview:-1"},"canonical":"https:\/\/elimatlanta.com\/en\/sunday-school\/","og_locale":"en_US","og_type":"article","og_title":"Sunday School - Elim Atlanta","og_description":"Cre\u0219tere \u00een Credin\u021b\u0103 \u0218coala Duminical\u0103 Elim este un loc primitor unde copiii pot \u00eenv\u0103\u021ba \u0219i cre\u0219te \u00een credin\u021ba lor. Lucrarea noastr\u0103 este compus\u0103 din peste 50 de profesori \u0219i ajutoare care \u00ee\u0219i dedic\u0103 timpul pentru a \u00eenv\u0103\u021ba \u0219i a \u00eengriji aproape 300 de copii. \u00cen fiecare s\u0103pt\u0103m\u00e2n\u0103, studiem Biblia prin lec\u021bii \u0219i activit\u0103\u021bi practice din [&hellip;]","og_url":"https:\/\/elimatlanta.com\/en\/sunday-school\/","og_site_name":"Elim Atlanta","article_publisher":"https:\/\/www.facebook.com\/elimatlanta","article_modified_time":"2025-12-16T00:08:50+00:00","og_image":[{"url":"https:\/\/elimatlanta.com\/wp-content\/uploads\/2025\/12\/DSC_2068-2-scaled.jpg","type":"","width":"","height":""}],"twitter_card":"summary_large_image","twitter_misc":{"Est. reading time":"1 minute"},"schema":{"@context":"https:\/\/schema.org","@graph":[{"@type":"WebPage","@id":"https:\/\/elimatlanta.com\/en\/sunday-school\/","url":"https:\/\/elimatlanta.com\/en\/sunday-school\/","name":"Sunday School - Elim Atlanta","isPartOf":{"@id":"https:\/\/elimatlanta.com\/en\/#website"},"primaryImageOfPage":{"@id":"https:\/\/elimatlanta.com\/en\/sunday-school\/#primaryimage"},"image":{"@id":"https:\/\/elimatlanta.com\/en\/sunday-school\/#primaryimage"},"thumbnailUrl":"https:\/\/elimatlanta.com\/wp-content\/uploads\/2025\/12\/DSC_2068-2-scaled.jpg","datePublished":"2025-12-15T23:21:40+00:00","dateModified":"2025-12-16T00:08:50+00:00","breadcrumb":{"@id":"https:\/\/elimatlanta.com\/en\/sunday-school\/#breadcrumb"},"inLanguage":"en-US","potentialAction":[{"@type":"ReadAction","target":["https:\/\/elimatlanta.com\/en\/sunday-school\/"]}]},{"@type":"ImageObject","inLanguage":"en-US","@id":"https:\/\/elimatlanta.com\/en\/sunday-school\/#primaryimage","url":"https:\/\/elimatlanta.com\/wp-content\/uploads\/2025\/12\/DSC_2068-2-scaled.jpg","contentUrl":"https:\/\/elimatlanta.com\/wp-content\/uploads\/2025\/12\/DSC_2068-2-scaled.jpg"},{"@type":"BreadcrumbList","@id":"https:\/\/elimatlanta.com\/en\/sunday-school\/#breadcrumb","itemListElement":[{"@type":"ListItem","position":1,"name":"Home","item":"https:\/\/elimatlanta.com\/en\/"},{"@type":"ListItem","position":2,"name":"Sunday School"}]},{"@type":"WebSite","@id":"https:\/\/elimatlanta.com\/en\/#website","url":"https:\/\/elimatlanta.com\/en\/","name":"Elim Atlanta","description":"","publisher":{"@id":"https:\/\/elimatlanta.com\/en\/#organization"},"potentialAction":[{"@type":"SearchAction","target":{"@type":"EntryPoint","urlTemplate":"https:\/\/elimatlanta.com\/en\/?s={search_term_string}"},"query-input":{"@type":"PropertyValueSpecification","valueRequired":true,"valueName":"search_term_string"}}],"inLanguage":"en-US"},{"@type":"Organization","@id":"https:\/\/elimatlanta.com\/en\/#organization","name":"Elim Atlanta","url":"https:\/\/elimatlanta.com\/en\/","logo":{"@type":"ImageObject","inLanguage":"en-US","@id":"https:\/\/elimatlanta.com\/en\/#\/schema\/logo\/image\/","url":"","contentUrl":"","caption":"Elim Atlanta"},"image":{"@id":"https:\/\/elimatlanta.com\/en\/#\/schema\/logo\/image\/"},"sameAs":["https:\/\/www.facebook.com\/elimatlanta"]}]}},"uagb_featured_image_src":{"full":false,"thumbnail":false,"medium":false,"medium_large":false,"large":false,"1536x1536":false,"2048x2048":false,"trp-custom-language-flag":false,"awb_sm":false,"awb_md":false,"awb_lg":false,"awb_xl":false},"uagb_author_info":{"display_name":"coroamaa","author_link":"https:\/\/elimatlanta.com\/en\/author\/coroamaa\/"},"uagb_comment_info":0,"uagb_excerpt":"Cre\u0219tere \u00een Credin\u021b\u0103 \u0218coala Duminical\u0103 Elim este un loc primitor unde copiii pot \u00eenv\u0103\u021ba \u0219i cre\u0219te \u00een credin\u021ba lor. Lucrarea noastr\u0103 este compus\u0103 din peste 50 de profesori \u0219i ajutoare care \u00ee\u0219i dedic\u0103 timpul pentru a \u00eenv\u0103\u021ba \u0219i a \u00eengriji aproape 300 de copii. \u00cen fiecare s\u0103pt\u0103m\u00e2n\u0103, studiem Biblia prin lec\u021bii \u0219i activit\u0103\u021bi practice din&hellip;","_links":{"self":[{"href":"https:\/\/elimatlanta.com\/en\/wp-json\/wp\/v2\/pages\/1056","targetHints":{"allow":["GET"]}}],"collection":[{"href":"https:\/\/elimatlanta.com\/en\/wp-json\/wp\/v2\/pages"}],"about":[{"href":"https:\/\/elimatlanta.com\/en\/wp-json\/wp\/v2\/types\/page"}],"author":[{"embeddable":true,"href":"https:\/\/elimatlanta.com\/en\/wp-json\/wp\/v2\/users\/1"}],"replies":[{"embeddable":true,"href":"https:\/\/elimatlanta.com\/en\/wp-json\/wp\/v2\/comments?post=1056"}],"version-history":[{"count":4,"href":"https:\/\/elimatlanta.com\/en\/wp-json\/wp\/v2\/pages\/1056\/revisions"}],"predecessor-version":[{"id":1078,"href":"https:\/\/elimatlanta.com\/en\/wp-json\/wp\/v2\/pages\/1056\/revisions\/1078"}],"wp:attachment":[{"href":"https:\/\/elimatlanta.com\/en\/wp-json\/wp\/v2\/media?parent=1056"}],"curies":[{"name":"wp","href":"https:\/\/api.w.org\/{rel}","templated":true}]}}