{"id":1006,"date":"2025-11-26T15:27:37","date_gmt":"2025-11-26T15:27:37","guid":{"rendered":"https:\/\/elimatlanta.com\/?page_id=1006"},"modified":"2025-11-26T16:54:51","modified_gmt":"2025-11-26T16:54:51","slug":"youth","status":"publish","type":"page","link":"https:\/\/elimatlanta.com\/en\/youth\/","title":{"rendered":"Youth"},"content":{"rendered":"<div class=\"wp-block-nk-awb nk-awb nk-awb-content-valign-center\" style=\"min-height:500px\"><div class=\"nk-awb-wrap\" data-awb-type=\"image\" data-awb-parallax=\"scroll\" data-awb-parallax-speed=\"0.5\" data-awb-parallax-mobile=\"true\" data-awb-image-background-size=\"cover\" data-awb-image-background-position=\"50% 50%\" data-awb-mouse-parallax=\"true\" data-awb-mouse-parallax-size=\"30\" data-awb-mouse-parallax-speed=\"5556\"><div class=\"nk-awb-overlay\" style=\"background: #0808087d;\"><\/div><div class=\"nk-awb-inner\"><img loading=\"lazy\" decoding=\"async\" src=\"https:\/\/elimatlanta.com\/wp-content\/uploads\/2025\/11\/IMG_3401-2.jpeg\" class=\"wp-image-87 jarallax-img\" width=\"1067\" height=\"1600\" srcset=\"https:\/\/elimatlanta.com\/wp-content\/uploads\/2025\/11\/IMG_3401-2.jpeg 1067w, https:\/\/elimatlanta.com\/wp-content\/uploads\/2025\/11\/IMG_3401-2-200x300.jpeg 200w, https:\/\/elimatlanta.com\/wp-content\/uploads\/2025\/11\/IMG_3401-2-683x1024.jpeg 683w, https:\/\/elimatlanta.com\/wp-content\/uploads\/2025\/11\/IMG_3401-2-768x1152.jpeg 768w, https:\/\/elimatlanta.com\/wp-content\/uploads\/2025\/11\/IMG_3401-2-1024x1536.jpeg 1024w, https:\/\/elimatlanta.com\/wp-content\/uploads\/2025\/11\/IMG_3401-2-500x750.jpeg 500w, https:\/\/elimatlanta.com\/wp-content\/uploads\/2025\/11\/IMG_3401-2-800x1200.jpeg 800w\" sizes=\"auto, (max-width: 1067px) 100vw, 1067px\" \/><\/div><\/div><div class=\"nk-awb-wrap-content is-layout-flow wp-block-nk-awb-is-layout-flow\">\n<div class=\"wp-block-group has-global-padding is-layout-constrained wp-container-core-group-is-layout-709027d3 wp-block-group-is-layout-constrained\" style=\"padding-top:var(--wp--preset--spacing--superbspacing-small);padding-right:var(--wp--preset--spacing--superbspacing-small);padding-bottom:var(--wp--preset--spacing--superbspacing-small);padding-left:var(--wp--preset--spacing--superbspacing-small)\">\n<div class=\"wp-block-group has-global-padding is-content-justification-center is-layout-constrained wp-container-core-group-is-layout-cb99d8d5 wp-block-group-is-layout-constrained\" style=\"margin-top:0;margin-bottom:0\">\n<h1 class=\"wp-block-heading has-text-align-center has-text-color has-fontsecondary-font-family\" style=\"color:#fdfdfd;font-size:clamp(24.034px, 1.502rem + ((1vw - 3.2px) * 1.814), 40px);font-style:normal;font-weight:400\">Elim Atlanta Youth<\/h1>\n\n\n\n<pre class=\"wp-block-verse has-text-align-center has-contrast-light-color has-text-color has-link-color has-fontsecondary-font-family has-superbfont-small-font-size wp-elements-21ca7bcdaf24f5500510bff3a774f831\"> Let no one\u00a0despise your youth, but be an\u00a0example to the believers: <br>in word, in conduct, in love,\u00a0in spirit, in faith, in purity.<\/pre>\n\n\n\n<p class=\"has-text-align-center has-contrast-light-color has-text-color has-link-color has-fontsecondary-font-family has-superbfont-xxsmall-font-size wp-elements-e86d4af915389981e88871e93ea83610\">1 Timothy 4:12<\/p>\n<\/div>\n<\/div>\n<\/div><\/div>\n\n\n\n<div class=\"wp-block-group has-global-padding is-layout-constrained wp-container-core-group-is-layout-bea02a06 wp-block-group-is-layout-constrained\">\n<div style=\"height:49px\" aria-hidden=\"true\" class=\"wp-block-spacer\"><\/div>\n\n\n\n<h2 class=\"wp-block-heading alignwide has-text-align-center has-mono-1-color has-text-color has-link-color wp-elements-d421f4315f264b0dd260694a4facedad\">About Us<\/h2>\n\n\n\n<p class=\"has-text-align-center has-mono-2-color has-text-color has-link-color has-fontsecondary-font-family wp-elements-fd893ccc41fd803b60e58058a8f11929\" style=\"padding-right:var(--wp--preset--spacing--superbspacing-xsmall);padding-left:var(--wp--preset--spacing--superbspacing-xsmall)\">Welcome to Elim Youth! Join us for nights of worship, bible study, and biblical conversations every&nbsp;<strong>WEDNESDAY<\/strong>&nbsp;night at 7:30pm. Follow us on instagram for more info! <\/p>\n\n\n\n<div class=\"wp-block-group has-global-padding is-layout-constrained wp-container-core-group-is-layout-a763ec69 wp-block-group-is-layout-constrained\">\n<p class=\"has-text-align-center has-contrast-light-color has-cool-to-warm-spectrum-gradient-background has-text-color has-background has-link-color has-fontsecondary-font-family wp-elements-00d3b880f680745ef7d9afb55ecf99ea\" style=\"border-radius:100px;padding-top:0;padding-right:0;padding-bottom:0;padding-left:0\">@<a href=\"https:\/\/instagram.com\/elimyouth.atl\" target=\"_blank\" rel=\"noreferrer noopener\">elimyouth.atl<\/a><\/p>\n<\/div>\n\n\n\n<div style=\"height:35px\" aria-hidden=\"true\" class=\"wp-block-spacer\"><\/div>\n\n\n\n<div class=\"wp-block-essential-blocks-parallax-slider  root-eb-slider-237y0\"><div class=\"eb-parent-wrapper eb-parent-eb-slider-237y0\"><div class=\"eb-parallax-slider-wrapper eb-slider-237y0\"><div class=\"eb-parallax-container\" data-start-index=\"0\" data-intensity=\"50\"><div class=\"eb-parallax-slider\"><ul class=\"eb-parallax-wrapper\"><li class=\"slide\"><div class=\"slide__image-wrapper\"><img decoding=\"async\" class=\"slide__image\" src=\"https:\/\/elimatlanta.com\/wp-content\/uploads\/2025\/11\/youth_photo.png\" alt=\"\" style=\"opacity:1\"\/><\/div><article class=\"slide__content\"><h2 class=\"slide__headline\"><\/h2><button class=\"slide__action btn\" data-link=\"\" data-new-tab=\"true\"><\/button><\/article><\/li><li class=\"slide\"><div class=\"slide__image-wrapper\"><img decoding=\"async\" class=\"slide__image\" src=\"https:\/\/elimatlanta.com\/wp-content\/uploads\/2025\/11\/533338448_17891704839304586_8760966389194578819_n.jpg\" alt=\"\" style=\"opacity:1\"\/><\/div><article class=\"slide__content\"><h2 class=\"slide__headline\"><\/h2><button class=\"slide__action btn\" data-link=\"\" data-new-tab=\"true\"><\/button><\/article><\/li><li class=\"slide\"><div class=\"slide__image-wrapper\"><img decoding=\"async\" class=\"slide__image\" src=\"https:\/\/elimatlanta.com\/wp-content\/uploads\/2025\/11\/527329895_17890238676304586_9067994180811556756_n.jpg\" alt=\"\" style=\"opacity:1\"\/><\/div><article class=\"slide__content\"><h2 class=\"slide__headline\"><\/h2><button class=\"slide__action btn\" data-link=\"\" data-new-tab=\"true\"><\/button><\/article><\/li><\/ul><div class=\"eb-slider__controls\"><div class=\"btn btn--previous\"><\/div><div class=\"btn btn--next\"><\/div><\/div><\/div><\/div><\/div><\/div><\/div>\n<\/div>\n\n\n\n<div class=\"wp-block-group alignwide has-background has-global-padding is-layout-constrained wp-container-core-group-is-layout-01ec9688 wp-block-group-is-layout-constrained\" style=\"background-color:#f7f7f7;padding-top:var(--wp--preset--spacing--superbspacing-medium);padding-right:var(--wp--preset--spacing--superbspacing-small);padding-bottom:var(--wp--preset--spacing--superbspacing-medium);padding-left:var(--wp--preset--spacing--superbspacing-small)\">\n<h2 class=\"wp-block-heading has-text-align-center has-fontsecondary-font-family has-superbfont-medium-font-size\">Lesson and verse for 2025<\/h2>\n\n\n\n<h1 class=\"wp-block-heading has-text-align-center has-fontsecondary-font-family has-superbfont-xlarge-font-size\" style=\"letter-spacing:2px;text-transform:uppercase\">Kingdom Culture<\/h1>\n\n\n\n<pre class=\"wp-block-verse has-text-align-center has-mono-2-color has-text-color has-link-color has-fontsecondary-font-family has-superbfont-small-font-size wp-elements-47140477dfaa5b68aeaf5865aa0fa9d3\">\"Your kingdom come.\nYour will be done,\nOn earth as it is in heaven.\"<\/pre>\n\n\n\n<p class=\"has-text-align-center has-mono-2-color has-text-color has-fontsecondary-font-family has-superbfont-xsmall-font-size\">- Mathew 6:10<\/p>\n<\/div>\n\n\n\n<hr class=\"wp-block-separator has-alpha-channel-opacity is-style-wide\" style=\"margin-top:var(--wp--preset--spacing--superbspacing-medium);margin-bottom:var(--wp--preset--spacing--superbspacing-medium)\"\/>\n\n\n\n<h2 class=\"wp-block-heading has-text-align-center has-fontsecondary-font-family has-superbfont-xlarge-font-size\" style=\"margin-bottom:var(--wp--preset--spacing--superbspacing-small)\">Speakers<\/h2>\n\n\n\n<div class=\"wp-block-columns alignwide is-layout-flex wp-container-core-columns-is-layout-28f84493 wp-block-columns-is-layout-flex\">\n<div class=\"wp-block-column is-layout-flow wp-block-column-is-layout-flow\">\n<p class=\"has-text-align-center has-fontsecondary-font-family has-superbfont-small-font-size\"><strong>Alin Coroian<\/strong><\/p>\n<\/div>\n\n\n\n<div class=\"wp-block-column is-layout-flow wp-block-column-is-layout-flow\">\n<p class=\"has-text-align-center has-fontsecondary-font-family has-superbfont-small-font-size\"><strong>Nick Neculcea &#8211; Worship Leader<\/strong><\/p>\n<\/div>\n\n\n\n<div class=\"wp-block-column is-layout-flow wp-block-column-is-layout-flow\">\n<p class=\"has-text-align-center has-fontsecondary-font-family has-superbfont-small-font-size\"><strong>Roman Khokhlan<\/strong><\/p>\n<\/div>\n<\/div>\n\n\n\n<hr class=\"wp-block-separator has-alpha-channel-opacity is-style-wide\" style=\"margin-top:var(--wp--preset--spacing--superbspacing-medium);margin-bottom:var(--wp--preset--spacing--superbspacing-medium)\"\/>\n\n\n\n<h2 class=\"wp-block-heading has-text-align-center has-fontsecondary-font-family has-superbfont-xlarge-font-size\" style=\"margin-bottom:var(--wp--preset--spacing--superbspacing-small)\">Administration Team<\/h2>\n\n\n\n<div class=\"wp-block-group alignwide is-content-justification-center is-layout-flex wp-container-core-group-is-layout-b02886af wp-block-group-is-layout-flex\">\n<div class=\"wp-block-group is-vertical is-content-justification-center is-layout-flex wp-container-core-group-is-layout-23123aec wp-block-group-is-layout-flex\" style=\"padding-right:20px;padding-bottom:30px;padding-left:20px\">      \n\t\t\t<div class=\"uagb-icon-wrapper uagb-block-da4af79c\"\n\t\t\tstyle=\"\" >\n\t\t\t\t\t\t\t\t\t<span class=\"uagb-svg-wrapper\" \n\t\t\t\t\t aria-label=\"book-bible\"\t\t\t\t\ttabindex=\"0\">\t\t\n\t\t\t\t\t\t\t\t\t\t<svg xmlns=\"https:\/\/www.w3.org\/2000\/svg\" viewbox= \"0 0 448 512\" role=\"graphics-symbol\" aria-hidden=\"false\" aria-label=\"\"><path d=\"M448 336v-288C448 21.49 426.5 0 400 0H96C42.98 0 0 42.98 0 96v320c0 53.02 42.98 96 96 96h320c17.67 0 32-14.33 32-31.1c0-11.72-6.607-21.52-16-27.1v-81.36C441.8 362.8 448 350.2 448 336zM144 144c0-8.875 7.125-15.1 16-15.1L208 128V80c0-8.875 7.125-15.1 16-15.1l32 .0009c8.875 0 16 7.12 16 15.1V128L320 128c8.875 0 16 7.121 16 15.1v32c0 8.875-7.125 16-16 16L272 192v112c0 8.875-7.125 16-16 16l-32-.0002c-8.875 0-16-7.127-16-16V192L160 192c-8.875 0-16-7.127-16-16V144zM384 448H96c-17.67 0-32-14.33-32-32c0-17.67 14.33-32 32-32h288V448z\"><\/path><\/svg>\n\t\t\t\t\t\t\t\t\t<\/span>\n\t\t\t\t\t\t\t<\/div>\n\t\t\t\n\n\n<p class=\"has-text-align-center has-fontsecondary-font-family has-superbfont-small-font-size\"><strong>Alin Coroian<\/strong><br>Leader<\/p>\n<\/div>\n\n\n\n<div class=\"wp-block-group is-vertical is-content-justification-center is-layout-flex wp-container-core-group-is-layout-23123aec wp-block-group-is-layout-flex\" style=\"padding-right:20px;padding-bottom:30px;padding-left:20px\">      \n\t\t\t<div class=\"uagb-icon-wrapper uagb-block-9d6a0b17\"\n\t\t\tstyle=\"\" >\n\t\t\t\t\t\t\t\t\t<span class=\"uagb-svg-wrapper\" \n\t\t\t\t\t aria-label=\"book\"\t\t\t\t\ttabindex=\"0\">\t\t\n\t\t\t\t\t\t\t\t\t\t<svg xmlns=\"https:\/\/www.w3.org\/2000\/svg\" viewbox= \"0 0 448 512\" role=\"graphics-symbol\" aria-hidden=\"false\" aria-label=\"\"><path d=\"M448 336v-288C448 21.49 426.5 0 400 0H96C42.98 0 0 42.98 0 96v320c0 53.02 42.98 96 96 96h320c17.67 0 32-14.33 32-31.1c0-11.72-6.607-21.52-16-27.1v-81.36C441.8 362.8 448 350.2 448 336zM143.1 128h192C344.8 128 352 135.2 352 144C352 152.8 344.8 160 336 160H143.1C135.2 160 128 152.8 128 144C128 135.2 135.2 128 143.1 128zM143.1 192h192C344.8 192 352 199.2 352 208C352 216.8 344.8 224 336 224H143.1C135.2 224 128 216.8 128 208C128 199.2 135.2 192 143.1 192zM384 448H96c-17.67 0-32-14.33-32-32c0-17.67 14.33-32 32-32h288V448z\"><\/path><\/svg>\n\t\t\t\t\t\t\t\t\t<\/span>\n\t\t\t\t\t\t\t<\/div>\n\t\t\t\n\n\n<p class=\"has-text-align-center has-fontsecondary-font-family has-superbfont-small-font-size\"><strong>Tanya Coroian<\/strong><br>Secretary<\/p>\n<\/div>\n\n\n\n<div class=\"wp-block-group is-vertical is-content-justification-center is-layout-flex wp-container-core-group-is-layout-23123aec wp-block-group-is-layout-flex\" style=\"padding-right:20px;padding-bottom:30px;padding-left:20px\">      \n\t\t\t<div class=\"uagb-icon-wrapper uagb-block-d6af7d9a\"\n\t\t\tstyle=\"\" >\n\t\t\t\t\t\t\t\t\t<span class=\"uagb-svg-wrapper\" \n\t\t\t\t\t aria-label=\"money-bill-1\"\t\t\t\t\ttabindex=\"0\">\t\t\n\t\t\t\t\t\t\t\t\t\t<svg xmlns=\"https:\/\/www.w3.org\/2000\/svg\" viewbox= \"0 0 576 512\" role=\"graphics-symbol\" aria-hidden=\"false\" aria-label=\"\"><path d=\"M252 208C252 196.1 260.1 188 272 188H288C299 188 308 196.1 308 208V276H312C323 276 332 284.1 332 296C332 307 323 316 312 316H264C252.1 316 244 307 244 296C244 284.1 252.1 276 264 276H268V227.6C258.9 225.7 252 217.7 252 208zM512 64C547.3 64 576 92.65 576 128V384C576 419.3 547.3 448 512 448H64C28.65 448 0 419.3 0 384V128C0 92.65 28.65 64 64 64H512zM128 384C128 348.7 99.35 320 64 320V384H128zM64 192C99.35 192 128 163.3 128 128H64V192zM512 384V320C476.7 320 448 348.7 448 384H512zM512 128H448C448 163.3 476.7 192 512 192V128zM288 144C226.1 144 176 194.1 176 256C176 317.9 226.1 368 288 368C349.9 368 400 317.9 400 256C400 194.1 349.9 144 288 144z\"><\/path><\/svg>\n\t\t\t\t\t\t\t\t\t<\/span>\n\t\t\t\t\t\t\t<\/div>\n\t\t\t\n\n\n<p class=\"has-text-align-center has-fontsecondary-font-family has-superbfont-small-font-size\"><strong>Johnny Procopoi<\/strong><br>Finances<\/p>\n<\/div>\n\n\n\n<div class=\"wp-block-group is-vertical is-content-justification-center is-layout-flex wp-container-core-group-is-layout-23123aec wp-block-group-is-layout-flex\" style=\"padding-right:20px;padding-bottom:30px;padding-left:20px\">      \n\t\t\t<div class=\"uagb-icon-wrapper uagb-block-09728882\"\n\t\t\tstyle=\"\" >\n\t\t\t\t\t\t\t\t\t<span class=\"uagb-svg-wrapper\" \n\t\t\t\t\t aria-label=\"circle-check\"\t\t\t\t\ttabindex=\"0\">\t\t\n\t\t\t\t\t\t\t\t\t\t<svg xmlns=\"https:\/\/www.w3.org\/2000\/svg\" viewbox= \"0 0 512 512\" role=\"graphics-symbol\" aria-hidden=\"false\" aria-label=\"\"><path d=\"M0 256C0 114.6 114.6 0 256 0C397.4 0 512 114.6 512 256C512 397.4 397.4 512 256 512C114.6 512 0 397.4 0 256zM371.8 211.8C382.7 200.9 382.7 183.1 371.8 172.2C360.9 161.3 343.1 161.3 332.2 172.2L224 280.4L179.8 236.2C168.9 225.3 151.1 225.3 140.2 236.2C129.3 247.1 129.3 264.9 140.2 275.8L204.2 339.8C215.1 350.7 232.9 350.7 243.8 339.8L371.8 211.8z\"><\/path><\/svg>\n\t\t\t\t\t\t\t\t\t<\/span>\n\t\t\t\t\t\t\t<\/div>\n\t\t\t\n\n\n<p class=\"has-text-align-center has-fontsecondary-font-family has-superbfont-small-font-size\"><strong>Emily Khokhlan<\/strong><br>Event Coordinator<\/p>\n<\/div>\n\n\n\n<div class=\"wp-block-group is-vertical is-content-justification-center is-layout-flex wp-container-core-group-is-layout-23123aec wp-block-group-is-layout-flex\" style=\"padding-right:20px;padding-bottom:30px;padding-left:20px\">      \n\t\t\t<div class=\"uagb-icon-wrapper uagb-block-5f042d14\"\n\t\t\tstyle=\"\" >\n\t\t\t\t\t\t\t\t\t<span class=\"uagb-svg-wrapper\" \n\t\t\t\t\t aria-label=\"instagram-square\"\t\t\t\t\ttabindex=\"0\">\t\t\n\t\t\t\t\t\t\t\t\t\t<svg xmlns=\"https:\/\/www.w3.org\/2000\/svg\" viewbox= \"0 0 448 512\" role=\"graphics-symbol\" aria-hidden=\"false\" aria-label=\"\"><path d=\"M224 202.7A53.34 53.34 0 1 0 277.4 256 53.38 53.38 0 0 0 224 202.7zm124.7-41a54 54 0 0 0 -30.41-30.41c-21-8.29-71-6.43-94.3-6.43s-73.25-1.93-94.31 6.43a54 54 0 0 0 -30.41 30.41c-8.28 21-6.43 71.05-6.43 94.33S91 329.3 99.32 350.3a54 54 0 0 0 30.41 30.41c21 8.29 71 6.43 94.31 6.43s73.24 1.93 94.3-6.43a54 54 0 0 0 30.41-30.41c8.35-21 6.43-71.05 6.43-94.33S357.1 182.7 348.8 161.7zM224 338a82 82 0 1 1 82-82A81.9 81.9 0 0 1 224 338zm85.38-148.3a19.14 19.14 0 1 1 19.13-19.14A19.1 19.1 0 0 1 309.4 189.7zM400 32H48A48 48 0 0 0 0 80V432a48 48 0 0 0 48 48H400a48 48 0 0 0 48-48V80A48 48 0 0 0 400 32zM382.9 322c-1.29 25.63-7.14 48.34-25.85 67s-41.4 24.63-67 25.85c-26.41 1.49-105.6 1.49-132 0-25.63-1.29-48.26-7.15-67-25.85s-24.63-41.42-25.85-67c-1.49-26.42-1.49-105.6 0-132 1.29-25.63 7.07-48.34 25.85-67s41.47-24.56 67-25.78c26.41-1.49 105.6-1.49 132 0 25.63 1.29 48.33 7.15 67 25.85s24.63 41.42 25.85 67.05C384.4 216.4 384.4 295.6 382.9 322z\"><\/path><\/svg>\n\t\t\t\t\t\t\t\t\t<\/span>\n\t\t\t\t\t\t\t<\/div>\n\t\t\t\n\n\n<p class=\"has-text-align-center has-fontsecondary-font-family has-superbfont-small-font-size\"><strong>Naomi Dafinescu<\/strong><br>Social media and design<\/p>\n<\/div>\n<\/div>","protected":false},"excerpt":{"rendered":"<p>Despre Noi Bine ai venit la Elim Youth! Al\u0103tur\u0103-te nou\u0103 \u00een fiecare&nbsp;MIERCURI SEARA la ora 7:30&nbsp;pentru seri de \u00eenchinare, studiu biblic \u0219i conversa\u021bii pe teme biblice. Urm\u0103re\u0219te-ne pe Instagram pentru mai multe informa\u021bii! @elimyouth.atl Tema \u0219i versetul pentru 2025 CULTURA \u00ceMP\u0102R\u0102\u021aIEI \u201eVie \u00cemp\u0103r\u0103\u021bia Ta; fac\u0103-se voia Ta, precum \u00een cer, a\u0219a \u0219i pe p\u0103m\u00e2nt.\u201d \u2013 [&hellip;]<\/p>\n","protected":false},"author":1,"featured_media":0,"parent":0,"menu_order":0,"comment_status":"closed","ping_status":"closed","template":"","meta":{"_eb_attr":"","_uag_custom_page_level_css":"","footnotes":""},"class_list":["post-1006","page","type-page","status-publish","hentry"],"yoast_head":"<!-- This site is optimized with the Yoast SEO plugin v27.3 - https:\/\/yoast.com\/product\/yoast-seo-wordpress\/ -->\n<title>Tineret - Elim Atlanta<\/title>\n<meta name=\"robots\" content=\"index, follow, max-snippet:-1, max-image-preview:large, max-video-preview:-1\" \/>\n<link rel=\"canonical\" href=\"https:\/\/elimatlanta.com\/en\/youth\/\" \/>\n<meta property=\"og:locale\" content=\"en_US\" \/>\n<meta property=\"og:type\" content=\"article\" \/>\n<meta property=\"og:title\" content=\"Tineret - Elim Atlanta\" \/>\n<meta property=\"og:description\" content=\"Despre Noi Bine ai venit la Elim Youth! Al\u0103tur\u0103-te nou\u0103 \u00een fiecare&nbsp;MIERCURI SEARA la ora 7:30&nbsp;pentru seri de \u00eenchinare, studiu biblic \u0219i conversa\u021bii pe teme biblice. Urm\u0103re\u0219te-ne pe Instagram pentru mai multe informa\u021bii! @elimyouth.atl Tema \u0219i versetul pentru 2025 CULTURA \u00ceMP\u0102R\u0102\u021aIEI \u201eVie \u00cemp\u0103r\u0103\u021bia Ta; fac\u0103-se voia Ta, precum \u00een cer, a\u0219a \u0219i pe p\u0103m\u00e2nt.\u201d \u2013 [&hellip;]\" \/>\n<meta property=\"og:url\" content=\"https:\/\/elimatlanta.com\/en\/youth\/\" \/>\n<meta property=\"og:site_name\" content=\"Elim Atlanta\" \/>\n<meta property=\"article:publisher\" content=\"https:\/\/www.facebook.com\/elimatlanta\" \/>\n<meta property=\"article:modified_time\" content=\"2025-11-26T16:54:51+00:00\" \/>\n<meta property=\"og:image\" content=\"https:\/\/elimatlanta.com\/wp-content\/uploads\/2025\/11\/IMG_3401-2.jpeg\" \/>\n<meta name=\"twitter:card\" content=\"summary_large_image\" \/>\n<meta name=\"twitter:label1\" content=\"Est. reading time\" \/>\n\t<meta name=\"twitter:data1\" content=\"2 minutes\" \/>\n<script type=\"application\/ld+json\" class=\"yoast-schema-graph\">{\"@context\":\"https:\\\/\\\/schema.org\",\"@graph\":[{\"@type\":\"WebPage\",\"@id\":\"https:\\\/\\\/elimatlanta.com\\\/en\\\/youth\\\/\",\"url\":\"https:\\\/\\\/elimatlanta.com\\\/en\\\/youth\\\/\",\"name\":\"Tineret - Elim Atlanta\",\"isPartOf\":{\"@id\":\"https:\\\/\\\/elimatlanta.com\\\/en\\\/#website\"},\"primaryImageOfPage\":{\"@id\":\"https:\\\/\\\/elimatlanta.com\\\/en\\\/youth\\\/#primaryimage\"},\"image\":{\"@id\":\"https:\\\/\\\/elimatlanta.com\\\/en\\\/youth\\\/#primaryimage\"},\"thumbnailUrl\":\"https:\\\/\\\/elimatlanta.com\\\/wp-content\\\/uploads\\\/2025\\\/11\\\/IMG_3401-2.jpeg\",\"datePublished\":\"2025-11-26T15:27:37+00:00\",\"dateModified\":\"2025-11-26T16:54:51+00:00\",\"breadcrumb\":{\"@id\":\"https:\\\/\\\/elimatlanta.com\\\/en\\\/youth\\\/#breadcrumb\"},\"inLanguage\":\"en-US\",\"potentialAction\":[{\"@type\":\"ReadAction\",\"target\":[\"https:\\\/\\\/elimatlanta.com\\\/en\\\/youth\\\/\"]}]},{\"@type\":\"ImageObject\",\"inLanguage\":\"en-US\",\"@id\":\"https:\\\/\\\/elimatlanta.com\\\/en\\\/youth\\\/#primaryimage\",\"url\":\"https:\\\/\\\/elimatlanta.com\\\/wp-content\\\/uploads\\\/2025\\\/11\\\/IMG_3401-2.jpeg\",\"contentUrl\":\"https:\\\/\\\/elimatlanta.com\\\/wp-content\\\/uploads\\\/2025\\\/11\\\/IMG_3401-2.jpeg\"},{\"@type\":\"BreadcrumbList\",\"@id\":\"https:\\\/\\\/elimatlanta.com\\\/en\\\/youth\\\/#breadcrumb\",\"itemListElement\":[{\"@type\":\"ListItem\",\"position\":1,\"name\":\"Home\",\"item\":\"https:\\\/\\\/elimatlanta.com\\\/en\\\/\"},{\"@type\":\"ListItem\",\"position\":2,\"name\":\"Tineret\"}]},{\"@type\":\"WebSite\",\"@id\":\"https:\\\/\\\/elimatlanta.com\\\/en\\\/#website\",\"url\":\"https:\\\/\\\/elimatlanta.com\\\/en\\\/\",\"name\":\"Elim Atlanta\",\"description\":\"\",\"publisher\":{\"@id\":\"https:\\\/\\\/elimatlanta.com\\\/en\\\/#organization\"},\"potentialAction\":[{\"@type\":\"SearchAction\",\"target\":{\"@type\":\"EntryPoint\",\"urlTemplate\":\"https:\\\/\\\/elimatlanta.com\\\/en\\\/?s={search_term_string}\"},\"query-input\":{\"@type\":\"PropertyValueSpecification\",\"valueRequired\":true,\"valueName\":\"search_term_string\"}}],\"inLanguage\":\"en-US\"},{\"@type\":\"Organization\",\"@id\":\"https:\\\/\\\/elimatlanta.com\\\/en\\\/#organization\",\"name\":\"Elim Atlanta\",\"url\":\"https:\\\/\\\/elimatlanta.com\\\/en\\\/\",\"logo\":{\"@type\":\"ImageObject\",\"inLanguage\":\"en-US\",\"@id\":\"https:\\\/\\\/elimatlanta.com\\\/en\\\/#\\\/schema\\\/logo\\\/image\\\/\",\"url\":\"\",\"contentUrl\":\"\",\"caption\":\"Elim Atlanta\"},\"image\":{\"@id\":\"https:\\\/\\\/elimatlanta.com\\\/en\\\/#\\\/schema\\\/logo\\\/image\\\/\"},\"sameAs\":[\"https:\\\/\\\/www.facebook.com\\\/elimatlanta\"]}]}<\/script>\n<!-- \/ Yoast SEO plugin. -->","yoast_head_json":{"title":"Tineret - Elim Atlanta","robots":{"index":"index","follow":"follow","max-snippet":"max-snippet:-1","max-image-preview":"max-image-preview:large","max-video-preview":"max-video-preview:-1"},"canonical":"https:\/\/elimatlanta.com\/en\/youth\/","og_locale":"en_US","og_type":"article","og_title":"Tineret - Elim Atlanta","og_description":"Despre Noi Bine ai venit la Elim Youth! Al\u0103tur\u0103-te nou\u0103 \u00een fiecare&nbsp;MIERCURI SEARA la ora 7:30&nbsp;pentru seri de \u00eenchinare, studiu biblic \u0219i conversa\u021bii pe teme biblice. Urm\u0103re\u0219te-ne pe Instagram pentru mai multe informa\u021bii! @elimyouth.atl Tema \u0219i versetul pentru 2025 CULTURA \u00ceMP\u0102R\u0102\u021aIEI \u201eVie \u00cemp\u0103r\u0103\u021bia Ta; fac\u0103-se voia Ta, precum \u00een cer, a\u0219a \u0219i pe p\u0103m\u00e2nt.\u201d \u2013 [&hellip;]","og_url":"https:\/\/elimatlanta.com\/en\/youth\/","og_site_name":"Elim Atlanta","article_publisher":"https:\/\/www.facebook.com\/elimatlanta","article_modified_time":"2025-11-26T16:54:51+00:00","og_image":[{"url":"https:\/\/elimatlanta.com\/wp-content\/uploads\/2025\/11\/IMG_3401-2.jpeg","type":"","width":"","height":""}],"twitter_card":"summary_large_image","twitter_misc":{"Est. reading time":"2 minutes"},"schema":{"@context":"https:\/\/schema.org","@graph":[{"@type":"WebPage","@id":"https:\/\/elimatlanta.com\/en\/youth\/","url":"https:\/\/elimatlanta.com\/en\/youth\/","name":"Tineret - Elim Atlanta","isPartOf":{"@id":"https:\/\/elimatlanta.com\/en\/#website"},"primaryImageOfPage":{"@id":"https:\/\/elimatlanta.com\/en\/youth\/#primaryimage"},"image":{"@id":"https:\/\/elimatlanta.com\/en\/youth\/#primaryimage"},"thumbnailUrl":"https:\/\/elimatlanta.com\/wp-content\/uploads\/2025\/11\/IMG_3401-2.jpeg","datePublished":"2025-11-26T15:27:37+00:00","dateModified":"2025-11-26T16:54:51+00:00","breadcrumb":{"@id":"https:\/\/elimatlanta.com\/en\/youth\/#breadcrumb"},"inLanguage":"en-US","potentialAction":[{"@type":"ReadAction","target":["https:\/\/elimatlanta.com\/en\/youth\/"]}]},{"@type":"ImageObject","inLanguage":"en-US","@id":"https:\/\/elimatlanta.com\/en\/youth\/#primaryimage","url":"https:\/\/elimatlanta.com\/wp-content\/uploads\/2025\/11\/IMG_3401-2.jpeg","contentUrl":"https:\/\/elimatlanta.com\/wp-content\/uploads\/2025\/11\/IMG_3401-2.jpeg"},{"@type":"BreadcrumbList","@id":"https:\/\/elimatlanta.com\/en\/youth\/#breadcrumb","itemListElement":[{"@type":"ListItem","position":1,"name":"Home","item":"https:\/\/elimatlanta.com\/en\/"},{"@type":"ListItem","position":2,"name":"Tineret"}]},{"@type":"WebSite","@id":"https:\/\/elimatlanta.com\/en\/#website","url":"https:\/\/elimatlanta.com\/en\/","name":"Elim Atlanta","description":"","publisher":{"@id":"https:\/\/elimatlanta.com\/en\/#organization"},"potentialAction":[{"@type":"SearchAction","target":{"@type":"EntryPoint","urlTemplate":"https:\/\/elimatlanta.com\/en\/?s={search_term_string}"},"query-input":{"@type":"PropertyValueSpecification","valueRequired":true,"valueName":"search_term_string"}}],"inLanguage":"en-US"},{"@type":"Organization","@id":"https:\/\/elimatlanta.com\/en\/#organization","name":"Elim Atlanta","url":"https:\/\/elimatlanta.com\/en\/","logo":{"@type":"ImageObject","inLanguage":"en-US","@id":"https:\/\/elimatlanta.com\/en\/#\/schema\/logo\/image\/","url":"","contentUrl":"","caption":"Elim Atlanta"},"image":{"@id":"https:\/\/elimatlanta.com\/en\/#\/schema\/logo\/image\/"},"sameAs":["https:\/\/www.facebook.com\/elimatlanta"]}]}},"uagb_featured_image_src":{"full":false,"thumbnail":false,"medium":false,"medium_large":false,"large":false,"1536x1536":false,"2048x2048":false,"trp-custom-language-flag":false,"awb_sm":false,"awb_md":false,"awb_lg":false,"awb_xl":false},"uagb_author_info":{"display_name":"coroamaa","author_link":"https:\/\/elimatlanta.com\/en\/author\/coroamaa\/"},"uagb_comment_info":0,"uagb_excerpt":"Despre Noi Bine ai venit la Elim Youth! Al\u0103tur\u0103-te nou\u0103 \u00een fiecare&nbsp;MIERCURI SEARA la ora 7:30&nbsp;pentru seri de \u00eenchinare, studiu biblic \u0219i conversa\u021bii pe teme biblice. Urm\u0103re\u0219te-ne pe Instagram pentru mai multe informa\u021bii! @elimyouth.atl Tema \u0219i versetul pentru 2025 CULTURA \u00ceMP\u0102R\u0102\u021aIEI \u201eVie \u00cemp\u0103r\u0103\u021bia Ta; fac\u0103-se voia Ta, precum \u00een cer, a\u0219a \u0219i pe p\u0103m\u00e2nt.\u201d \u2013&hellip;","_links":{"self":[{"href":"https:\/\/elimatlanta.com\/en\/wp-json\/wp\/v2\/pages\/1006","targetHints":{"allow":["GET"]}}],"collection":[{"href":"https:\/\/elimatlanta.com\/en\/wp-json\/wp\/v2\/pages"}],"about":[{"href":"https:\/\/elimatlanta.com\/en\/wp-json\/wp\/v2\/types\/page"}],"author":[{"embeddable":true,"href":"https:\/\/elimatlanta.com\/en\/wp-json\/wp\/v2\/users\/1"}],"replies":[{"embeddable":true,"href":"https:\/\/elimatlanta.com\/en\/wp-json\/wp\/v2\/comments?post=1006"}],"version-history":[{"count":21,"href":"https:\/\/elimatlanta.com\/en\/wp-json\/wp\/v2\/pages\/1006\/revisions"}],"predecessor-version":[{"id":1058,"href":"https:\/\/elimatlanta.com\/en\/wp-json\/wp\/v2\/pages\/1006\/revisions\/1058"}],"wp:attachment":[{"href":"https:\/\/elimatlanta.com\/en\/wp-json\/wp\/v2\/media?parent=1006"}],"curies":[{"name":"wp","href":"https:\/\/api.w.org\/{rel}","templated":true}]}}